{"id":13832,"date":"2023-11-02T12:27:45","date_gmt":"2023-11-02T11:27:45","guid":{"rendered":"https:\/\/www.loriondet.it\/contatti\/"},"modified":"2024-10-25T01:50:01","modified_gmt":"2024-10-24T23:50:01","slug":"contatti","status":"publish","type":"page","link":"https:\/\/www.loriondet.it\/fr\/contatti\/","title":{"rendered":"Contact"},"content":{"rendered":"\t\t<div data-elementor-type=\"wp-page\" data-elementor-id=\"13832\" class=\"elementor elementor-13832 elementor-4971\">\n\t\t\t\t<div class=\"elementor-element elementor-element-dc9cd01 e-con-full e-flex e-con e-parent\" data-id=\"dc9cd01\" data-element_type=\"container\">\n\t\t\t\t<div class=\"elementor-element elementor-element-d5c81a9 elementor-widget elementor-widget-spacer\" data-id=\"d5c81a9\" data-element_type=\"widget\" data-widget_type=\"spacer.default\">\n\t\t\t\t<div class=\"elementor-widget-container\">\n\t\t\t\t\t\t\t<div class=\"elementor-spacer\">\n\t\t\t<div class=\"elementor-spacer-inner\"><\/div>\n\t\t<\/div>\n\t\t\t\t\t\t<\/div>\n\t\t\t\t<\/div>\n\t\t\t\t<\/div>\n\t\t<div class=\"elementor-element elementor-element-527ca7b elementor-hidden-desktop elementor-hidden-tablet e-flex e-con-boxed e-con e-parent\" data-id=\"527ca7b\" data-element_type=\"container\">\n\t\t\t\t\t<div class=\"e-con-inner\">\n\t\t\t\t<div class=\"elementor-element elementor-element-eff6540 elementor-align-center elementor-widget elementor-widget-button\" data-id=\"eff6540\" data-element_type=\"widget\" data-widget_type=\"button.default\">\n\t\t\t\t<div class=\"elementor-widget-container\">\n\t\t\t\t\t\t\t\t\t<div class=\"elementor-button-wrapper\">\n\t\t\t\t\t<a class=\"elementor-button elementor-button-link elementor-size-sm\" href=\"https:\/\/maps.app.goo.gl\/FM8WDpsyEqFqey3D6\">\n\t\t\t\t\t\t<span class=\"elementor-button-content-wrapper\">\n\t\t\t\t\t\t<span class=\"elementor-button-icon\">\n\t\t\t\t<svg aria-hidden=\"true\" class=\"e-font-icon-svg e-fas-map-marked-alt\" viewBox=\"0 0 576 512\" xmlns=\"http:\/\/www.w3.org\/2000\/svg\"><path d=\"M288 0c-69.59 0-126 56.41-126 126 0 56.26 82.35 158.8 113.9 196.02 6.39 7.54 17.82 7.54 24.2 0C331.65 284.8 414 182.26 414 126 414 56.41 357.59 0 288 0zm0 168c-23.2 0-42-18.8-42-42s18.8-42 42-42 42 18.8 42 42-18.8 42-42 42zM20.12 215.95A32.006 32.006 0 0 0 0 245.66v250.32c0 11.32 11.43 19.06 21.94 14.86L160 448V214.92c-8.84-15.98-16.07-31.54-21.25-46.42L20.12 215.95zM288 359.67c-14.07 0-27.38-6.18-36.51-16.96-19.66-23.2-40.57-49.62-59.49-76.72v182l192 64V266c-18.92 27.09-39.82 53.52-59.49 76.72-9.13 10.77-22.44 16.95-36.51 16.95zm266.06-198.51L416 224v288l139.88-55.95A31.996 31.996 0 0 0 576 426.34V176.02c0-11.32-11.43-19.06-21.94-14.86z\"><\/path><\/svg>\t\t\t<\/span>\n\t\t\t\t\t\t\t\t\t<span class=\"elementor-button-text\">Google Maps<\/span>\n\t\t\t\t\t<\/span>\n\t\t\t\t\t<\/a>\n\t\t\t\t<\/div>\n\t\t\t\t\t\t\t\t<\/div>\n\t\t\t\t<\/div>\n\t\t\t\t\t<\/div>\n\t\t\t\t<\/div>\n\t\t<div class=\"elementor-element elementor-element-e0c69fc e-con-full elementor-hidden-mobile e-flex e-con e-parent\" data-id=\"e0c69fc\" data-element_type=\"container\">\n\t\t\t\t<div class=\"elementor-element elementor-element-957c8bb elementor-widget elementor-widget-google_maps\" data-id=\"957c8bb\" data-element_type=\"widget\" data-widget_type=\"google_maps.default\">\n\t\t\t\t<div class=\"elementor-widget-container\">\n\t\t\t\t\t\t\t<div class=\"elementor-custom-embed\">\n\t\t\t<iframe loading=\"lazy\"\n\t\t\t\t\tsrc=\"https:\/\/maps.google.com\/maps?q=S.S.%20Piccolo%20San%20Bernardo%2C%204%2011016%20.%20La%20Thuile%20%28Ao%29%20.%20Valle%20d%E2%80%99Aosta&#038;t=m&#038;z=10&#038;output=embed&#038;iwloc=near\"\n\t\t\t\t\ttitle=\"S.S. Piccolo San Bernardo, 4 11016 . La Thuile (Ao) . Valle d\u2019Aosta\"\n\t\t\t\t\taria-label=\"S.S. Piccolo San Bernardo, 4 11016 . La Thuile (Ao) . Valle d\u2019Aosta\"\n\t\t\t><\/iframe>\n\t\t<\/div>\n\t\t\t\t\t\t<\/div>\n\t\t\t\t<\/div>\n\t\t\t\t<\/div>\n\t\t<div class=\"elementor-element elementor-element-b9ce354 e-con-full qodef-elementor-content-grid e-flex e-con e-parent\" data-id=\"b9ce354\" data-element_type=\"container\">\n\t\t<div class=\"elementor-element elementor-element-e882520 e-con-full e-flex e-con e-child\" data-id=\"e882520\" data-element_type=\"container\">\n\t\t\t\t<div class=\"elementor-element elementor-element-34a8b99 elementor-widget elementor-widget-text-editor\" data-id=\"34a8b99\" data-element_type=\"widget\" data-widget_type=\"text-editor.default\">\n\t\t\t\t<div class=\"elementor-widget-container\">\n\t\t\t\t\t\t\t\t\t<h2>CONTACTEZ-NOUS<\/h2>\n\t\t\t\t\t\t\t\t<\/div>\n\t\t\t\t<\/div>\n\t\t\t\t<div class=\"elementor-element elementor-element-cce9d87 elementor-widget elementor-widget-fidalgo_core_info_section\" data-id=\"cce9d87\" data-element_type=\"widget\" data-widget_type=\"fidalgo_core_info_section.default\">\n\t\t\t\t<div class=\"elementor-widget-container\">\n\t\t\t\t\t<div class=\"qodef-shortcode qodef-m qodef-info-section qodef-layout--background-text qodef-background-text-pos--top-left\">\n    <div class=\"qodef-m-info\">\n        <div class=\"qodef-m-title-holder\">\n                                <\/div>\n        <div class=\"qodef-m-text-holder\" >\n                <\/div>\n\t\t\t<\/div>\n<\/div>\t\t\t\t<\/div>\n\t\t\t\t<\/div>\n\t\t\t\t<div class=\"elementor-element elementor-element-8b4da47 elementor-widget elementor-widget-wp-widget-fidalgo_core_contact_form_7\" data-id=\"8b4da47\" data-element_type=\"widget\" data-widget_type=\"wp-widget-fidalgo_core_contact_form_7.default\">\n\t\t\t\t<div class=\"elementor-widget-container\">\n\t\t\t\t\t\t\t\t<div class=\"qodef-contact-form-7\">\n\t\t\t\t\n<div class=\"wpcf7 no-js\" id=\"wpcf7-f13854-o1\" lang=\"fr-FR\" dir=\"ltr\" data-wpcf7-id=\"13854\">\n<div class=\"screen-reader-response\"><p role=\"status\" aria-live=\"polite\" aria-atomic=\"true\"><\/p> <ul><\/ul><\/div>\n<form action=\"\/fr\/wp-json\/wp\/v2\/pages\/13832#wpcf7-f13854-o1\" method=\"post\" class=\"wpcf7-form init\" aria-label=\"Formulaire de contact\" novalidate=\"novalidate\" data-status=\"init\">\n<fieldset class=\"hidden-fields-container\"><input type=\"hidden\" name=\"_wpcf7\" value=\"13854\" \/><input type=\"hidden\" name=\"_wpcf7_version\" value=\"6.1.4\" \/><input type=\"hidden\" name=\"_wpcf7_locale\" value=\"fr_FR\" \/><input type=\"hidden\" name=\"_wpcf7_unit_tag\" value=\"wpcf7-f13854-o1\" \/><input type=\"hidden\" name=\"_wpcf7_container_post\" value=\"0\" \/><input type=\"hidden\" name=\"_wpcf7_posted_data_hash\" value=\"\" \/><input type=\"hidden\" name=\"_wpcf7_recaptcha_response\" value=\"\" \/>\n<\/fieldset>\n<div class=\"qodef-standard-contact-form\">\n<span class=\"wpcf7-form-control-wrap\" data-name=\"your-name\"><input size=\"40\" maxlength=\"400\" class=\"wpcf7-form-control wpcf7-text wpcf7-validates-as-required\" aria-required=\"true\" aria-invalid=\"false\" placeholder=\"Nom\" value=\"\" type=\"text\" name=\"your-name\" \/><\/span>\n<span class=\"wpcf7-form-control-wrap\" data-name=\"your-email\"><input size=\"40\" maxlength=\"400\" class=\"wpcf7-form-control wpcf7-email wpcf7-validates-as-required wpcf7-text wpcf7-validates-as-email\" aria-required=\"true\" aria-invalid=\"false\" placeholder=\"Courrier\" value=\"\" type=\"email\" name=\"your-email\" \/><\/span>\n<span class=\"wpcf7-form-control-wrap\" data-name=\"your-message\"><textarea cols=\"40\" rows=\"10\" maxlength=\"2000\" class=\"wpcf7-form-control wpcf7-textarea\" aria-invalid=\"false\" name=\"your-message\">Message<\/textarea><\/span>\n<span class=\"wpcf7-form-control-wrap\" data-name=\"acceptance-737\"><span class=\"wpcf7-form-control wpcf7-acceptance\"><span class=\"wpcf7-list-item\"><label><input type=\"checkbox\" name=\"acceptance-737\" value=\"1\" aria-invalid=\"false\" \/><span class=\"wpcf7-list-item-label\">J'ai lu la politique de confidentialit\u00e9 et je consens \u00e0 ce que mes donn\u00e9es soient conserv\u00e9es dans vos dossiers conform\u00e9ment au r\u00e8glement europ\u00e9en sur la protection des donn\u00e9es n\u00b0 679\/2016, GDPR. <a href=\"\">Politique de confidentialit\u00e9<\/a>. <\/p><\/span><\/label><\/span><\/span><\/span> \n<button class=\"wpcf7-form-control wpcf7-submit qodef-button qodef-size--normal qodef-layout--outlined qodef-m\" type=\"submit\"><span class=\"qodef-m-text\">Envoyer<\/span><\/button>\n<\/div><div class=\"wpcf7-response-output\" aria-hidden=\"true\"><\/div>\n<\/form>\n<\/div>\n\t\t\t<\/div>\n\t\t\t\t\t\t\t<\/div>\n\t\t\t\t<\/div>\n\t\t\t\t<\/div>\n\t\t<div class=\"elementor-element elementor-element-adaebf2 e-con-full e-flex e-con e-child\" data-id=\"adaebf2\" data-element_type=\"container\">\n\t\t<div class=\"elementor-element elementor-element-b9a5453 e-con-full e-flex e-con e-child\" data-id=\"b9a5453\" data-element_type=\"container\">\n\t\t\t\t<div class=\"elementor-element elementor-element-8d8b307 elementor-widget elementor-widget-text-editor\" data-id=\"8d8b307\" data-element_type=\"widget\" data-widget_type=\"text-editor.default\">\n\t\t\t\t<div class=\"elementor-widget-container\">\n\t\t\t\t\t\t\t\t\t<h5>horaires<\/h5>\n\t\t\t\t\t\t\t\t<\/div>\n\t\t\t\t<\/div>\n\t\t\t\t<div class=\"elementor-element elementor-element-391de8a elementor-widget elementor-widget-text-editor\" data-id=\"391de8a\" data-element_type=\"widget\" data-widget_type=\"text-editor.default\">\n\t\t\t\t<div class=\"elementor-widget-container\">\n\t\t\t\t\t\t\t\t\t<p><span style=\"color: #b58c67;\">\/\/<\/span> Temps en fonction de la saison<\/p>\n<p>Tous les jours de 9h30 \u00e0 16h30<\/p>\n<p>Les vendredis, samedis et pendant les vacances de No\u00ebl, nous sommes \u00e9galement ouverts pour le d\u00eener, de 19h00 \u00e0 23h00.<\/p>\n\t\t\t\t\t\t\t\t<\/div>\n\t\t\t\t<\/div>\n\t\t\t\t<\/div>\n\t\t<div class=\"elementor-element elementor-element-9b39b01 e-con-full e-flex e-con e-child\" data-id=\"9b39b01\" data-element_type=\"container\">\n\t\t\t\t<div class=\"elementor-element elementor-element-c0eaa83 elementor-widget elementor-widget-text-editor\" data-id=\"c0eaa83\" data-element_type=\"widget\" data-widget_type=\"text-editor.default\">\n\t\t\t\t<div class=\"elementor-widget-container\">\n\t\t\t\t\t\t\t\t\t<h5>Contact<\/h5>\n\t\t\t\t\t\t\t\t<\/div>\n\t\t\t\t<\/div>\n\t\t\t\t<div class=\"elementor-element elementor-element-e13d086 elementor-widget elementor-widget-fidalgo_core_info_section\" data-id=\"e13d086\" data-element_type=\"widget\" data-widget_type=\"fidalgo_core_info_section.default\">\n\t\t\t\t<div class=\"elementor-widget-container\">\n\t\t\t\t\t<div class=\"qodef-shortcode qodef-m qodef-info-section qodef-layout--background-text qodef-background-text-pos--top-left\">\n    <div class=\"qodef-m-info\">\n        <div class=\"qodef-m-title-holder\">\n                                <\/div>\n        <div class=\"qodef-m-text-holder\" >\n            <div class=\"qodef-m-text-info\">\n        <div class=\"qodef-m-text\" ><p>T. <a href=\"tel:+39%203421051087\" target=\"_blank\" rel=\"noopener\">+39 <\/a><a href=\"tel:%203421051087\">3421051087<\/a><\/p><\/div>\n    <\/div>\n        <\/div>\n\t\t\t<\/div>\n<\/div>\t\t\t\t<\/div>\n\t\t\t\t<\/div>\n\t\t\t\t<div class=\"elementor-element elementor-element-8fc061e elementor-widget elementor-widget-fidalgo_core_info_section\" data-id=\"8fc061e\" data-element_type=\"widget\" data-widget_type=\"fidalgo_core_info_section.default\">\n\t\t\t\t<div class=\"elementor-widget-container\">\n\t\t\t\t\t<div class=\"qodef-shortcode qodef-m qodef-info-section qodef-layout--background-text qodef-background-text-pos--top-left\">\n    <div class=\"qodef-m-info\">\n        <div class=\"qodef-m-title-holder\">\n                                <\/div>\n        <div class=\"qodef-m-text-holder\" >\n            <div class=\"qodef-m-text-info\">\n        <div class=\"qodef-m-text\" ><p>M. info@loriondet. <a href=\"mailto:info@loriondet.it\" target=\"_blank\" rel=\"noopener\">it<\/a><\/p><\/div>\n    <\/div>\n        <\/div>\n\t\t\t<\/div>\n<\/div>\t\t\t\t<\/div>\n\t\t\t\t<\/div>\n\t\t\t\t<\/div>\n\t\t<div class=\"elementor-element elementor-element-b40a867 e-con-full e-flex e-con e-child\" data-id=\"b40a867\" data-element_type=\"container\">\n\t\t\t\t<div class=\"elementor-element elementor-element-8369ddb elementor-widget elementor-widget-text-editor\" data-id=\"8369ddb\" data-element_type=\"widget\" data-widget_type=\"text-editor.default\">\n\t\t\t\t<div class=\"elementor-widget-container\">\n\t\t\t\t\t\t\t\t\t<h5>adresse<\/h5>\n\t\t\t\t\t\t\t\t<\/div>\n\t\t\t\t<\/div>\n\t\t\t\t<div class=\"elementor-element elementor-element-cc6b149 elementor-widget elementor-widget-fidalgo_core_info_section\" data-id=\"cc6b149\" data-element_type=\"widget\" data-widget_type=\"fidalgo_core_info_section.default\">\n\t\t\t\t<div class=\"elementor-widget-container\">\n\t\t\t\t\t<div class=\"qodef-shortcode qodef-m qodef-info-section qodef-layout--background-text qodef-background-text-pos--top-left\">\n    <div class=\"qodef-m-info\">\n        <div class=\"qodef-m-title-holder\">\n                                <\/div>\n        <div class=\"qodef-m-text-holder\" >\n            <div class=\"qodef-m-text-info\">\n        <div class=\"qodef-m-text\" ><p><a href=\"https:\/\/maps.app.goo.gl\/Q6sZbEFSpRijJY6D8\" target=\"_blank\" rel=\"noopener\"><br>S.S. Piccolo San Bernardo, 4 11016 . La Thuile (Ao) . Vall\u00e9e d'Aoste  <\/a><\/p><\/div>\n    <\/div>\n        <\/div>\n\t\t\t<\/div>\n<\/div>\t\t\t\t<\/div>\n\t\t\t\t<\/div>\n\t\t\t\t<\/div>\n\t\t\t\t<\/div>\n\t\t<div class=\"elementor-element elementor-element-c1d16e5 e-con-full e-flex e-con e-child\" data-id=\"c1d16e5\" data-element_type=\"container\">\n\t\t<div class=\"elementor-element elementor-element-e352804 e-con-full e-flex e-con e-child\" data-id=\"e352804\" data-element_type=\"container\">\n\t\t<div class=\"elementor-element elementor-element-4940f0c e-con-full e-flex e-con e-child\" data-id=\"4940f0c\" data-element_type=\"container\">\n\t\t\t\t<div class=\"elementor-element elementor-element-4a01d8d elementor-widget elementor-widget-text-editor\" data-id=\"4a01d8d\" data-element_type=\"widget\" data-widget_type=\"text-editor.default\">\n\t\t\t\t<div class=\"elementor-widget-container\">\n\t\t\t\t\t\t\t\t\t<h5>TRAVAILLER AVEC NOUS<\/h5>\n\t\t\t\t\t\t\t\t<\/div>\n\t\t\t\t<\/div>\n\t\t\t\t<div class=\"elementor-element elementor-element-2795096 elementor-widget elementor-widget-text-editor\" data-id=\"2795096\" data-element_type=\"widget\" data-widget_type=\"text-editor.default\">\n\t\t\t\t<div class=\"elementor-widget-container\">\n\t\t\t\t\t\t\t\t\t<p><span style=\"https:\/\/maps.app.goo.gl\/Q6sZbEFSpRijJY6D8\">\/\/ <\/span>Rejoignez notre \u00e9quipe \u00e0 Riondet et vivez une exp\u00e9rience saisonni\u00e8re inoubliable au sommet du col du Petit St Bernard, au milieu des for\u00eats et d&rsquo;une nature pr\u00e9serv\u00e9e. Nous recherchons des personnes dynamiques et ayant l&rsquo;esprit d&rsquo;\u00e9quipe. Rejoignez notre famille et postulez d\u00e8s maintenant !  <\/p>\n<\/p>\n<p class=\"p1\"><b>Remplissez le formulaire et envoyez-nous votre candidature<\/b><\/p>\n\t\t\t\t\t\t\t\t<\/div>\n\t\t\t\t<\/div>\n\t\t\t\t<div class=\"elementor-element elementor-element-79ce57f elementor-widget elementor-widget-fidalgo_core_button\" data-id=\"79ce57f\" data-element_type=\"widget\" data-widget_type=\"fidalgo_core_button.default\">\n\t\t\t\t<div class=\"elementor-widget-container\">\n\t\t\t\t\t<a class=\"qodef-shortcode qodef-m qodef-button qodef-layout--outlined qodef-html--link\" href=\"https:\/\/www.loriondet.it\/lavora-con-noi\/\" target=\"_self\"  >\n\t<span class=\"qodef-m-text\">Module<\/span>\n<\/a>\n\t\t\t\t<\/div>\n\t\t\t\t<\/div>\n\t\t\t\t<\/div>\n\t\t\t\t<\/div>\n\t\t\t\t<\/div>\n\t\t\t\t<\/div>\n\t\t\t\t<\/div>\n\t\t","protected":false},"excerpt":{"rendered":"<p>Google Maps CONTACTEZ-NOUS horaires \/\/ Temps en fonction de la saison Tous les jours de 9h30 \u00e0 16h30 Les vendredis, samedis et pendant les vacances de No\u00ebl, nous sommes \u00e9galement ouverts pour le d\u00eener, de 19h00 \u00e0 23h00. Contact T. +39 3421051087 M. info@loriondet. it adresse S.S. Piccolo San Bernardo, 4 11016 . La Thuile [&hellip;]<\/p>\n","protected":false},"author":1,"featured_media":0,"parent":0,"menu_order":0,"comment_status":"closed","ping_status":"closed","template":"page-full-width.php","meta":{"footnotes":""},"class_list":["post-13832","page","type-page","status-publish","hentry"],"_links":{"self":[{"href":"https:\/\/www.loriondet.it\/fr\/wp-json\/wp\/v2\/pages\/13832","targetHints":{"allow":["GET"]}}],"collection":[{"href":"https:\/\/www.loriondet.it\/fr\/wp-json\/wp\/v2\/pages"}],"about":[{"href":"https:\/\/www.loriondet.it\/fr\/wp-json\/wp\/v2\/types\/page"}],"author":[{"embeddable":true,"href":"https:\/\/www.loriondet.it\/fr\/wp-json\/wp\/v2\/users\/1"}],"replies":[{"embeddable":true,"href":"https:\/\/www.loriondet.it\/fr\/wp-json\/wp\/v2\/comments?post=13832"}],"version-history":[{"count":0,"href":"https:\/\/www.loriondet.it\/fr\/wp-json\/wp\/v2\/pages\/13832\/revisions"}],"wp:attachment":[{"href":"https:\/\/www.loriondet.it\/fr\/wp-json\/wp\/v2\/media?parent=13832"}],"curies":[{"name":"wp","href":"https:\/\/api.w.org\/{rel}","templated":true}]}}