{"id":13866,"date":"2023-09-21T06:37:57","date_gmt":"2023-09-21T04:37:57","guid":{"rendered":"https:\/\/www.loriondet.it\/stagioni\/"},"modified":"2024-11-25T13:28:02","modified_gmt":"2024-11-25T12:28:02","slug":"stagioni","status":"publish","type":"page","link":"https:\/\/www.loriondet.it\/fr\/stagioni\/","title":{"rendered":"Saisons"},"content":{"rendered":"\t\t<div data-elementor-type=\"wp-page\" data-elementor-id=\"13866\" class=\"elementor elementor-13866 elementor-729\">\n\t\t\t\t<div class=\"elementor-element elementor-element-d7e22ee e-con-full e-flex e-con e-parent\" data-id=\"d7e22ee\" data-element_type=\"container\">\n\t\t\t\t<div class=\"elementor-element elementor-element-170afd5 elementor-widget elementor-widget-spacer\" data-id=\"170afd5\" data-element_type=\"widget\" data-widget_type=\"spacer.default\">\n\t\t\t\t<div class=\"elementor-widget-container\">\n\t\t\t\t\t\t\t<div class=\"elementor-spacer\">\n\t\t\t<div class=\"elementor-spacer-inner\"><\/div>\n\t\t<\/div>\n\t\t\t\t\t\t<\/div>\n\t\t\t\t<\/div>\n\t\t\t\t<\/div>\n\t\t<div class=\"elementor-element elementor-element-b4fdb7d e-flex e-con-boxed e-con e-parent\" data-id=\"b4fdb7d\" data-element_type=\"container\">\n\t\t\t\t\t<div class=\"e-con-inner\">\n\t\t\t\t<div class=\"elementor-element elementor-element-3bd2ffd elementor-widget elementor-widget-spacer\" data-id=\"3bd2ffd\" data-element_type=\"widget\" data-widget_type=\"spacer.default\">\n\t\t\t\t<div class=\"elementor-widget-container\">\n\t\t\t\t\t\t\t<div class=\"elementor-spacer\">\n\t\t\t<div class=\"elementor-spacer-inner\"><\/div>\n\t\t<\/div>\n\t\t\t\t\t\t<\/div>\n\t\t\t\t<\/div>\n\t\t\t\t\t<\/div>\n\t\t\t\t<\/div>\n\t\t<div class=\"elementor-element elementor-element-f66543d e-con-full e-flex e-con e-parent\" data-id=\"f66543d\" data-element_type=\"container\">\n\t\t<div class=\"elementor-element elementor-element-5d09b72 e-con-full e-flex e-con e-child\" data-id=\"5d09b72\" data-element_type=\"container\">\n\t\t\t\t<div class=\"elementor-element elementor-element-c621dfd elementor-widget elementor-widget-fidalgo_core_single_image\" data-id=\"c621dfd\" data-element_type=\"widget\" data-widget_type=\"fidalgo_core_single_image.default\">\n\t\t\t\t<div class=\"elementor-widget-container\">\n\t\t\t\t\t<div class=\"qodef-shortcode qodef-m qodef-single-image qodef-layout--default qodef--has-appear\" >\n\t\t\t<div class=\"qodef-m-image\">\n\t\t\t\t\t\t\t\t<img fetchpriority=\"high\" decoding=\"async\" width=\"1707\" height=\"2560\" src=\"https:\/\/www.loriondet.it\/wp-content\/uploads\/2024\/09\/DSC00004_28-febbraio-2024-scaled.jpg\" class=\"attachment-full size-full\" alt=\"\" srcset=\"https:\/\/www.loriondet.it\/wp-content\/uploads\/2024\/09\/DSC00004_28-febbraio-2024-scaled.jpg 1707w, https:\/\/www.loriondet.it\/wp-content\/uploads\/2024\/09\/DSC00004_28-febbraio-2024-scaled-600x900.jpg 600w, https:\/\/www.loriondet.it\/wp-content\/uploads\/2024\/09\/DSC00004_28-febbraio-2024-200x300.jpg 200w, https:\/\/www.loriondet.it\/wp-content\/uploads\/2024\/09\/DSC00004_28-febbraio-2024-683x1024.jpg 683w, https:\/\/www.loriondet.it\/wp-content\/uploads\/2024\/09\/DSC00004_28-febbraio-2024-768x1152.jpg 768w, https:\/\/www.loriondet.it\/wp-content\/uploads\/2024\/09\/DSC00004_28-febbraio-2024-1024x1536.jpg 1024w, https:\/\/www.loriondet.it\/wp-content\/uploads\/2024\/09\/DSC00004_28-febbraio-2024-1365x2048.jpg 1365w\" sizes=\"(max-width: 1707px) 100vw, 1707px\" \/>\t\t\t\t\t\t\t<\/div>\n\t\t\t\t\t<\/div>\n\t\t\t\t<\/div>\n\t\t\t\t<\/div>\n\t\t\t\t<\/div>\n\t\t<div class=\"elementor-element elementor-element-51c3448 e-con-full e-flex e-con e-child\" data-id=\"51c3448\" data-element_type=\"container\" data-settings=\"{&quot;background_background&quot;:&quot;classic&quot;}\">\n\t\t\t\t<div class=\"elementor-element elementor-element-bc357f8 elementor-widget__width-initial elementor-widget-mobile__width-initial elementor-widget elementor-widget-text-editor\" data-id=\"bc357f8\" data-element_type=\"widget\" data-widget_type=\"text-editor.default\">\n\t\t\t\t<div class=\"elementor-widget-container\">\n\t\t\t\t\t\t\t\t\t<h2 style=\"text-align: center;\">COMMENT REJOINDRE RIONDET EN HIVER<\/h2>\n\t\t\t\t\t\t\t\t<\/div>\n\t\t\t\t<\/div>\n\t\t\t\t<div class=\"elementor-element elementor-element-f43155e elementor-widget__width-initial elementor-widget elementor-widget-text-editor\" data-id=\"f43155e\" data-element_type=\"widget\" data-widget_type=\"text-editor.default\">\n\t\t\t\t<div class=\"elementor-widget-container\">\n\t\t\t\t\t\t\t\t\t<p class=\"p1\">Lo Riondet est accessible \u00e0 ski depuis la piste n\u00b0 7 ou n\u00b0 4 du domaine skiable de La Thuile. Comme alternative au ski, vous pouvez nous rejoindre \u00e0 pied en partant du village de Pont Serrand et en suivant le Sentiero dei Caprioli. Au d\u00e9but du village, pr\u00e8s du parking, vous trouverez un panneau indiquant le chemin. Le transport en snowcat n&rsquo;est pas possible pendant la journ\u00e9e. Vous avez le choix entre des petits d\u00e9jeuners, des brunchs, des go\u00fbters et des d\u00e9jeuners avec des menus \u00e0 la carte. Si vous \u00eates amateur de vin, vous trouverez un large choix d&rsquo;\u00e9tiquettes des meilleurs vins vald\u00f4tains et italiens, ainsi qu&rsquo;une s\u00e9lection d&rsquo;excellences internationales.     <\/p>\n\t\t\t\t\t\t\t\t<\/div>\n\t\t\t\t<\/div>\n\t\t\t\t<div class=\"elementor-element elementor-element-7a26450 elementor-widget elementor-widget-fidalgo_core_button\" data-id=\"7a26450\" data-element_type=\"widget\" data-widget_type=\"fidalgo_core_button.default\">\n\t\t\t\t<div class=\"elementor-widget-container\">\n\t\t\t\t\t<a class=\"qodef-shortcode qodef-m qodef-button qodef-layout--outlined qodef-html--link\" href=\"https:\/\/www.loriondet.it\/menu-invernale\/\" target=\"_self\"  >\n\t<span class=\"qodef-m-text\">ALLER AU MENU<\/span>\n<\/a>\n\t\t\t\t<\/div>\n\t\t\t\t<\/div>\n\t\t\t\t<\/div>\n\t\t<div class=\"elementor-element elementor-element-04eba25 e-con-full e-flex e-con e-child\" data-id=\"04eba25\" data-element_type=\"container\" data-settings=\"{&quot;background_background&quot;:&quot;classic&quot;}\">\n\t\t\t\t<div class=\"elementor-element elementor-element-af626ab elementor-widget elementor-widget-fidalgo_core_single_image\" data-id=\"af626ab\" data-element_type=\"widget\" data-widget_type=\"fidalgo_core_single_image.default\">\n\t\t\t\t<div class=\"elementor-widget-container\">\n\t\t\t\t\t<div class=\"qodef-shortcode qodef-m qodef-single-image qodef-layout--default qodef--has-appear\" >\n\t\t\t<div class=\"qodef-m-image\">\n\t\t\t\t\t\t\t\t<img decoding=\"async\" width=\"1280\" height=\"1920\" src=\"https:\/\/www.loriondet.it\/wp-content\/uploads\/2024\/09\/DSC00227_15-dicembre-2023.jpg\" class=\"attachment-full size-full\" alt=\"\" srcset=\"https:\/\/www.loriondet.it\/wp-content\/uploads\/2024\/09\/DSC00227_15-dicembre-2023.jpg 1280w, https:\/\/www.loriondet.it\/wp-content\/uploads\/2024\/09\/DSC00227_15-dicembre-2023-600x900.jpg 600w, https:\/\/www.loriondet.it\/wp-content\/uploads\/2024\/09\/DSC00227_15-dicembre-2023-200x300.jpg 200w, https:\/\/www.loriondet.it\/wp-content\/uploads\/2024\/09\/DSC00227_15-dicembre-2023-683x1024.jpg 683w, https:\/\/www.loriondet.it\/wp-content\/uploads\/2024\/09\/DSC00227_15-dicembre-2023-768x1152.jpg 768w, https:\/\/www.loriondet.it\/wp-content\/uploads\/2024\/09\/DSC00227_15-dicembre-2023-1024x1536.jpg 1024w\" sizes=\"(max-width: 1280px) 100vw, 1280px\" \/>\t\t\t\t\t\t\t<\/div>\n\t\t\t\t\t<\/div>\n\t\t\t\t<\/div>\n\t\t\t\t<\/div>\n\t\t\t\t<\/div>\n\t\t\t\t<\/div>\n\t\t<div class=\"elementor-element elementor-element-417311a e-con-full e-flex e-con e-parent\" data-id=\"417311a\" data-element_type=\"container\">\n\t\t\t\t<div class=\"elementor-element elementor-element-aef3ac2 elementor-widget__width-inherit elementor-widget elementor-widget-fidalgo_core_image_gallery\" data-id=\"aef3ac2\" data-element_type=\"widget\" data-widget_type=\"fidalgo_core_image_gallery.default\">\n\t\t\t\t<div class=\"elementor-widget-container\">\n\t\t\t\t\t    <div class=\"qodef-shortcode qodef-m qodef-image-gallery qodef-border-radius-predefined-none qodef-grid qodef-swiper-container qodef-gutter--small qodef-col-num--2.2 qodef-responsive--custom qodef-col-num--1512--2.2 qodef-col-num--1368--2.2 qodef-col-num--1200--2.2 qodef-col-num--1024--2.2 qodef-col-num--880--2.2 qodef-col-num--680--1\"  data-options=\"{&quot;spaceBetween&quot;:20,&quot;slidesPerView&quot;:2.2,&quot;loop&quot;:true,&quot;autoplay&quot;:true,&quot;speed&quot;:&quot;&quot;,&quot;speedAnimation&quot;:&quot;&quot;,&quot;slideAnimation&quot;:&quot;&quot;,&quot;direction&quot;:&quot;&quot;,&quot;centeredSlides&quot;:true,&quot;sliderScroll&quot;:&quot;&quot;,&quot;loopedSlides&quot;:&quot;&quot;,&quot;hiddenSlides&quot;:&quot;&quot;,&quot;customStages&quot;:true,&quot;slidesPerView1512&quot;:2.2,&quot;slidesPerView1368&quot;:2.2,&quot;slidesPerView1200&quot;:2.2,&quot;slidesPerView1024&quot;:2.2,&quot;slidesPerView880&quot;:2.2,&quot;slidesPerView680&quot;:&quot;1&quot;,&quot;outsideNavigation&quot;:&quot;yes&quot;,&quot;partialColumn&quot;:&quot;0.2&quot;,&quot;unique&quot;:469}\">\n        <div class=\"swiper-wrapper\">\n            <div class=\"qodef-e qodef-image-wrapper  swiper-slide \">\n\t\t\t<div class=\"qodef-round-borders-wrapper\">\n\t\t\t<div class=\"qodef-round-borders-wrapper-inner\">\n\t\t\t<img decoding=\"async\" src=\"https:\/\/www.loriondet.it\/wp-content\/uploads\/2024\/09\/DJI_0041_16-dicembre-2023-scaled-1010x660.jpg\" alt=\"\" width=\"1010\" height=\"660\" data-ratio=\"1.530303030303\" \/>\t\t<\/div>\n        \t\t\t<\/div>\n\t<\/div>\n<div class=\"qodef-e qodef-image-wrapper  swiper-slide \">\n\t\t\t<div class=\"qodef-round-borders-wrapper\">\n\t\t\t<div class=\"qodef-round-borders-wrapper-inner\">\n\t\t\t<img loading=\"lazy\" decoding=\"async\" src=\"https:\/\/www.loriondet.it\/wp-content\/uploads\/2024\/09\/DSC00120_15-dicembre-2023-1010x660.jpg\" alt=\"\" width=\"1010\" height=\"660\" data-ratio=\"1.530303030303\" \/>\t\t<\/div>\n        \t\t\t<\/div>\n\t<\/div>\n<div class=\"qodef-e qodef-image-wrapper  swiper-slide \">\n\t\t\t<div class=\"qodef-round-borders-wrapper\">\n\t\t\t<div class=\"qodef-round-borders-wrapper-inner\">\n\t\t\t<img loading=\"lazy\" decoding=\"async\" src=\"https:\/\/www.loriondet.it\/wp-content\/uploads\/2024\/09\/DSC00217_15-dicembre-2023-1010x660.jpg\" alt=\"\" width=\"1010\" height=\"660\" data-ratio=\"1.530303030303\" \/>\t\t<\/div>\n        \t\t\t<\/div>\n\t<\/div>\n<div class=\"qodef-e qodef-image-wrapper  swiper-slide \">\n\t\t\t<div class=\"qodef-round-borders-wrapper\">\n\t\t\t<div class=\"qodef-round-borders-wrapper-inner\">\n\t\t\t<img loading=\"lazy\" decoding=\"async\" src=\"https:\/\/www.loriondet.it\/wp-content\/uploads\/2024\/09\/DSC00240_15-dicembre-2023-1010x660.jpg\" alt=\"\" width=\"1010\" height=\"660\" data-ratio=\"1.530303030303\" \/>\t\t<\/div>\n        \t\t\t<\/div>\n\t<\/div>\n<div class=\"qodef-e qodef-image-wrapper  swiper-slide \">\n\t\t\t<div class=\"qodef-round-borders-wrapper\">\n\t\t\t<div class=\"qodef-round-borders-wrapper-inner\">\n\t\t\t<img loading=\"lazy\" decoding=\"async\" src=\"https:\/\/www.loriondet.it\/wp-content\/uploads\/2024\/09\/DSC00280_15-dicembre-2023-1010x660.jpg\" alt=\"\" width=\"1010\" height=\"660\" data-ratio=\"1.530303030303\" \/>\t\t<\/div>\n        \t\t\t<\/div>\n\t<\/div>\n<div class=\"qodef-e qodef-image-wrapper  swiper-slide \">\n\t\t\t<div class=\"qodef-round-borders-wrapper\">\n\t\t\t<div class=\"qodef-round-borders-wrapper-inner\">\n\t\t\t<img loading=\"lazy\" decoding=\"async\" src=\"https:\/\/www.loriondet.it\/wp-content\/uploads\/2024\/09\/DSC00248_15-dicembre-2023-1010x660.jpg\" alt=\"\" width=\"1010\" height=\"660\" data-ratio=\"1.530303030303\" \/>\t\t<\/div>\n        \t\t\t<\/div>\n\t<\/div>\n<div class=\"qodef-e qodef-image-wrapper  swiper-slide \">\n\t\t\t<div class=\"qodef-round-borders-wrapper\">\n\t\t\t<div class=\"qodef-round-borders-wrapper-inner\">\n\t\t\t<img loading=\"lazy\" decoding=\"async\" src=\"https:\/\/www.loriondet.it\/wp-content\/uploads\/2024\/09\/DSC00456_15-dicembre-2023-1010x660.jpg\" alt=\"\" width=\"1010\" height=\"660\" data-ratio=\"1.530303030303\" \/>\t\t<\/div>\n        \t\t\t<\/div>\n\t<\/div>\n<div class=\"qodef-e qodef-image-wrapper  swiper-slide \">\n\t\t\t<div class=\"qodef-round-borders-wrapper\">\n\t\t\t<div class=\"qodef-round-borders-wrapper-inner\">\n\t\t\t<img loading=\"lazy\" decoding=\"async\" src=\"https:\/\/www.loriondet.it\/wp-content\/uploads\/2024\/09\/DSC00595_15-dicembre-2023-1010x660.jpg\" alt=\"\" width=\"1010\" height=\"660\" data-ratio=\"1.530303030303\" \/>\t\t<\/div>\n        \t\t\t<\/div>\n\t<\/div>\n        <\/div>\n                    <\/div>\n\t\t\t\t<\/div>\n\t\t\t\t<\/div>\n\t\t\t\t<\/div>\n\t\t<div class=\"elementor-element elementor-element-18ab4ff e-con-full e-flex e-con e-parent\" data-id=\"18ab4ff\" data-element_type=\"container\">\n\t\t<div class=\"elementor-element elementor-element-5b5d2c6 e-con-full e-flex e-con e-child\" data-id=\"5b5d2c6\" data-element_type=\"container\">\n\t\t\t\t<div class=\"elementor-element elementor-element-ce9a4f1 elementor-widget elementor-widget-fidalgo_core_single_image\" data-id=\"ce9a4f1\" data-element_type=\"widget\" data-widget_type=\"fidalgo_core_single_image.default\">\n\t\t\t\t<div class=\"elementor-widget-container\">\n\t\t\t\t\t<div class=\"qodef-shortcode qodef-m qodef-single-image qodef-layout--default qodef--has-appear\" >\n\t\t\t<div class=\"qodef-m-image\">\n\t\t\t\t\t\t\t\t<img loading=\"lazy\" decoding=\"async\" width=\"1333\" height=\"2000\" src=\"https:\/\/www.loriondet.it\/wp-content\/uploads\/2024\/09\/LO-RIONDET-DSC07427.jpg\" class=\"attachment-full size-full\" alt=\"\" srcset=\"https:\/\/www.loriondet.it\/wp-content\/uploads\/2024\/09\/LO-RIONDET-DSC07427.jpg 1333w, https:\/\/www.loriondet.it\/wp-content\/uploads\/2024\/09\/LO-RIONDET-DSC07427-600x900.jpg 600w, https:\/\/www.loriondet.it\/wp-content\/uploads\/2024\/09\/LO-RIONDET-DSC07427-200x300.jpg 200w, https:\/\/www.loriondet.it\/wp-content\/uploads\/2024\/09\/LO-RIONDET-DSC07427-682x1024.jpg 682w, https:\/\/www.loriondet.it\/wp-content\/uploads\/2024\/09\/LO-RIONDET-DSC07427-768x1152.jpg 768w, https:\/\/www.loriondet.it\/wp-content\/uploads\/2024\/09\/LO-RIONDET-DSC07427-1024x1536.jpg 1024w\" sizes=\"(max-width: 1333px) 100vw, 1333px\" \/>\t\t\t\t\t\t\t<\/div>\n\t\t\t\t\t<\/div>\n\t\t\t\t<\/div>\n\t\t\t\t<\/div>\n\t\t\t\t<\/div>\n\t\t<div class=\"elementor-element elementor-element-3435d94 e-con-full e-flex e-con e-child\" data-id=\"3435d94\" data-element_type=\"container\" data-settings=\"{&quot;background_background&quot;:&quot;classic&quot;}\">\n\t\t\t\t<div class=\"elementor-element elementor-element-51eb2d5 elementor-widget__width-initial elementor-widget-mobile__width-initial elementor-widget elementor-widget-text-editor\" data-id=\"51eb2d5\" data-element_type=\"widget\" data-widget_type=\"text-editor.default\">\n\t\t\t\t<div class=\"elementor-widget-container\">\n\t\t\t\t\t\t\t\t\t<h2 style=\"text-align: center;\">COMMENT REJOINDRE RIONDET EN \u00c9T\u00c9<\/h2>\n\t\t\t\t\t\t\t\t<\/div>\n\t\t\t\t<\/div>\n\t\t\t\t<div class=\"elementor-element elementor-element-51ca2e6 elementor-widget__width-initial elementor-widget elementor-widget-text-editor\" data-id=\"51ca2e6\" data-element_type=\"widget\" data-widget_type=\"text-editor.default\">\n\t\t\t\t<div class=\"elementor-widget-container\">\n\t\t\t\t\t\t\t\t\t<p class=\"p1\">Rejoignez-nous en voiture, en moto, en v\u00e9lo par la route du col du Petit-Saint-Bernard n\u00b0 26 ou en randonn\u00e9e. D\u00e9couvrez la voie romaine, l&rsquo;ancienne route de la Gaule, qui part du village de La Thuile. <\/p>\n<p class=\"p1\">Le jardin du Chalet Lo Riondet est un refuge serein et priv\u00e9, id\u00e9al pour nos h\u00f4tes \u00e0 la recherche d&rsquo;un moment de tranquillit\u00e9. Ici, au bord d&rsquo;un \u00e9tang enchanteur, vous pouvez vous offrir une pause relaxante, immerg\u00e9 dans un environnement paisible. Vous pouvez commander un verre de notre s\u00e9lection de vins fins, d\u00e9guster une glace fra\u00eeche ou siroter un cocktail. De plus, notre bar \u00e0 champagne est toujours disponible pour vous offrir une exp\u00e9rience relaxante, entour\u00e9 d&rsquo;une nature intacte et d&rsquo;une vue \u00e0 couper le souffle sur le Mont Blanc.   <\/p>\t\t\t\t\t\t\t\t<\/div>\n\t\t\t\t<\/div>\n\t\t\t\t<div class=\"elementor-element elementor-element-586b26b elementor-widget elementor-widget-fidalgo_core_button\" data-id=\"586b26b\" data-element_type=\"widget\" data-widget_type=\"fidalgo_core_button.default\">\n\t\t\t\t<div class=\"elementor-widget-container\">\n\t\t\t\t\t<a class=\"qodef-shortcode qodef-m qodef-button qodef-layout--outlined qodef-html--link\" href=\"https:\/\/www.loriondet.it\/menu-estivo\/\" target=\"_self\"  >\n\t<span class=\"qodef-m-text\">ALLER AU MENU<\/span>\n<\/a>\n\t\t\t\t<\/div>\n\t\t\t\t<\/div>\n\t\t\t\t<\/div>\n\t\t<div class=\"elementor-element elementor-element-2fdee24 e-con-full e-flex e-con e-child\" data-id=\"2fdee24\" data-element_type=\"container\" data-settings=\"{&quot;background_background&quot;:&quot;classic&quot;}\">\n\t\t\t\t<div class=\"elementor-element elementor-element-85b023e elementor-widget elementor-widget-fidalgo_core_single_image\" data-id=\"85b023e\" data-element_type=\"widget\" data-widget_type=\"fidalgo_core_single_image.default\">\n\t\t\t\t<div class=\"elementor-widget-container\">\n\t\t\t\t\t<div class=\"qodef-shortcode qodef-m qodef-single-image qodef-layout--default qodef--has-appear\" >\n\t\t\t<div class=\"qodef-m-image\">\n\t\t\t\t\t\t\t\t<img loading=\"lazy\" decoding=\"async\" width=\"1333\" height=\"2000\" src=\"https:\/\/www.loriondet.it\/wp-content\/uploads\/2024\/09\/LO-RIONDET-DSC03172.jpg\" class=\"attachment-full size-full\" alt=\"\" srcset=\"https:\/\/www.loriondet.it\/wp-content\/uploads\/2024\/09\/LO-RIONDET-DSC03172.jpg 1333w, https:\/\/www.loriondet.it\/wp-content\/uploads\/2024\/09\/LO-RIONDET-DSC03172-600x900.jpg 600w, https:\/\/www.loriondet.it\/wp-content\/uploads\/2024\/09\/LO-RIONDET-DSC03172-200x300.jpg 200w, https:\/\/www.loriondet.it\/wp-content\/uploads\/2024\/09\/LO-RIONDET-DSC03172-682x1024.jpg 682w, https:\/\/www.loriondet.it\/wp-content\/uploads\/2024\/09\/LO-RIONDET-DSC03172-768x1152.jpg 768w, https:\/\/www.loriondet.it\/wp-content\/uploads\/2024\/09\/LO-RIONDET-DSC03172-1024x1536.jpg 1024w\" sizes=\"(max-width: 1333px) 100vw, 1333px\" \/>\t\t\t\t\t\t\t<\/div>\n\t\t\t\t\t<\/div>\n\t\t\t\t<\/div>\n\t\t\t\t<\/div>\n\t\t\t\t<\/div>\n\t\t\t\t<\/div>\n\t\t<div class=\"elementor-element elementor-element-fca612f e-con-full e-flex e-con e-parent\" data-id=\"fca612f\" data-element_type=\"container\">\n\t\t\t\t<div class=\"elementor-element elementor-element-4f5c05c elementor-widget__width-inherit elementor-widget elementor-widget-fidalgo_core_image_gallery\" data-id=\"4f5c05c\" data-element_type=\"widget\" data-widget_type=\"fidalgo_core_image_gallery.default\">\n\t\t\t\t<div class=\"elementor-widget-container\">\n\t\t\t\t\t    <div class=\"qodef-shortcode qodef-m qodef-image-gallery qodef-border-radius-predefined-none qodef-grid qodef-swiper-container qodef-gutter--small qodef-col-num--2.2 qodef-responsive--custom qodef-col-num--1512--2.2 qodef-col-num--1368--2.2 qodef-col-num--1200--2.2 qodef-col-num--1024--2.2 qodef-col-num--880--2.2 qodef-col-num--680--1\"  data-options=\"{&quot;spaceBetween&quot;:20,&quot;slidesPerView&quot;:2.2,&quot;loop&quot;:true,&quot;autoplay&quot;:true,&quot;speed&quot;:&quot;&quot;,&quot;speedAnimation&quot;:&quot;&quot;,&quot;slideAnimation&quot;:&quot;&quot;,&quot;direction&quot;:&quot;&quot;,&quot;centeredSlides&quot;:true,&quot;sliderScroll&quot;:&quot;&quot;,&quot;loopedSlides&quot;:&quot;&quot;,&quot;hiddenSlides&quot;:&quot;&quot;,&quot;customStages&quot;:true,&quot;slidesPerView1512&quot;:2.2,&quot;slidesPerView1368&quot;:2.2,&quot;slidesPerView1200&quot;:2.2,&quot;slidesPerView1024&quot;:2.2,&quot;slidesPerView880&quot;:2.2,&quot;slidesPerView680&quot;:&quot;1&quot;,&quot;outsideNavigation&quot;:&quot;yes&quot;,&quot;partialColumn&quot;:&quot;0.2&quot;,&quot;unique&quot;:597}\">\n        <div class=\"swiper-wrapper\">\n            <div class=\"qodef-e qodef-image-wrapper  swiper-slide \">\n\t\t\t<div class=\"qodef-round-borders-wrapper\">\n\t\t\t<div class=\"qodef-round-borders-wrapper-inner\">\n\t\t\t<img loading=\"lazy\" decoding=\"async\" src=\"https:\/\/www.loriondet.it\/wp-content\/uploads\/2024\/09\/LO-RIONDET-DSC03518-1010x660.jpg\" alt=\"\" width=\"1010\" height=\"660\" data-ratio=\"1.530303030303\" \/>\t\t<\/div>\n        \t\t\t<\/div>\n\t<\/div>\n<div class=\"qodef-e qodef-image-wrapper  swiper-slide \">\n\t\t\t<div class=\"qodef-round-borders-wrapper\">\n\t\t\t<div class=\"qodef-round-borders-wrapper-inner\">\n\t\t\t<img loading=\"lazy\" decoding=\"async\" src=\"https:\/\/www.loriondet.it\/wp-content\/uploads\/2024\/09\/LO-RIONDET-DSC03559-1010x660.jpg\" alt=\"\" width=\"1010\" height=\"660\" data-ratio=\"1.530303030303\" \/>\t\t<\/div>\n        \t\t\t<\/div>\n\t<\/div>\n<div class=\"qodef-e qodef-image-wrapper  swiper-slide \">\n\t\t\t<div class=\"qodef-round-borders-wrapper\">\n\t\t\t<div class=\"qodef-round-borders-wrapper-inner\">\n\t\t\t<img loading=\"lazy\" decoding=\"async\" src=\"https:\/\/www.loriondet.it\/wp-content\/uploads\/2024\/09\/LO-RIONDET-DSC03541-1010x660.jpg\" alt=\"\" width=\"1010\" height=\"660\" data-ratio=\"1.530303030303\" \/>\t\t<\/div>\n        \t\t\t<\/div>\n\t<\/div>\n<div class=\"qodef-e qodef-image-wrapper  swiper-slide \">\n\t\t\t<div class=\"qodef-round-borders-wrapper\">\n\t\t\t<div class=\"qodef-round-borders-wrapper-inner\">\n\t\t\t<img loading=\"lazy\" decoding=\"async\" src=\"https:\/\/www.loriondet.it\/wp-content\/uploads\/2024\/09\/LO-RIONDET-DSC07493-1010x660.jpg\" alt=\"\" width=\"1010\" height=\"660\" data-ratio=\"1.530303030303\" \/>\t\t<\/div>\n        \t\t\t<\/div>\n\t<\/div>\n<div class=\"qodef-e qodef-image-wrapper  swiper-slide \">\n\t\t\t<div class=\"qodef-round-borders-wrapper\">\n\t\t\t<div class=\"qodef-round-borders-wrapper-inner\">\n\t\t\t<img loading=\"lazy\" decoding=\"async\" src=\"https:\/\/www.loriondet.it\/wp-content\/uploads\/2024\/09\/LO-RIONDET-DSC04375-1010x660.jpg\" alt=\"\" width=\"1010\" height=\"660\" data-ratio=\"1.530303030303\" \/>\t\t<\/div>\n        \t\t\t<\/div>\n\t<\/div>\n<div class=\"qodef-e qodef-image-wrapper  swiper-slide \">\n\t\t\t<div class=\"qodef-round-borders-wrapper\">\n\t\t\t<div class=\"qodef-round-borders-wrapper-inner\">\n\t\t\t<img loading=\"lazy\" decoding=\"async\" src=\"https:\/\/www.loriondet.it\/wp-content\/uploads\/2024\/09\/LO-RIONDET-DSC06018-1010x660.jpg\" alt=\"\" width=\"1010\" height=\"660\" data-ratio=\"1.530303030303\" \/>\t\t<\/div>\n        \t\t\t<\/div>\n\t<\/div>\n<div class=\"qodef-e qodef-image-wrapper  swiper-slide \">\n\t\t\t<div class=\"qodef-round-borders-wrapper\">\n\t\t\t<div class=\"qodef-round-borders-wrapper-inner\">\n\t\t\t<img loading=\"lazy\" decoding=\"async\" src=\"https:\/\/www.loriondet.it\/wp-content\/uploads\/2024\/09\/LO-RIONDET-DSC03947-1010x660.jpg\" alt=\"\" width=\"1010\" height=\"660\" data-ratio=\"1.530303030303\" \/>\t\t<\/div>\n        \t\t\t<\/div>\n\t<\/div>\n<div class=\"qodef-e qodef-image-wrapper  swiper-slide \">\n\t\t\t<div class=\"qodef-round-borders-wrapper\">\n\t\t\t<div class=\"qodef-round-borders-wrapper-inner\">\n\t\t\t<img loading=\"lazy\" decoding=\"async\" src=\"https:\/\/www.loriondet.it\/wp-content\/uploads\/2024\/09\/LO-RIONDET-DSC07356-1010x660.jpg\" alt=\"\" width=\"1010\" height=\"660\" data-ratio=\"1.530303030303\" \/>\t\t<\/div>\n        \t\t\t<\/div>\n\t<\/div>\n        <\/div>\n                    <\/div>\n\t\t\t\t<\/div>\n\t\t\t\t<\/div>\n\t\t\t\t<\/div>\n\t\t\t\t<\/div>\n\t\t","protected":false},"excerpt":{"rendered":"<p>COMMENT REJOINDRE RIONDET EN HIVER Lo Riondet est accessible \u00e0 ski depuis la piste n\u00b0 7 ou n\u00b0 4 du domaine skiable de La Thuile. Comme alternative au ski, vous pouvez nous rejoindre \u00e0 pied en partant du village de Pont Serrand et en suivant le Sentiero dei Caprioli. Au d\u00e9but du village, pr\u00e8s du [&hellip;]<\/p>\n","protected":false},"author":1,"featured_media":13586,"parent":0,"menu_order":0,"comment_status":"closed","ping_status":"closed","template":"page-full-width.php","meta":{"footnotes":""},"class_list":["post-13866","page","type-page","status-publish","has-post-thumbnail","hentry"],"_links":{"self":[{"href":"https:\/\/www.loriondet.it\/fr\/wp-json\/wp\/v2\/pages\/13866","targetHints":{"allow":["GET"]}}],"collection":[{"href":"https:\/\/www.loriondet.it\/fr\/wp-json\/wp\/v2\/pages"}],"about":[{"href":"https:\/\/www.loriondet.it\/fr\/wp-json\/wp\/v2\/types\/page"}],"author":[{"embeddable":true,"href":"https:\/\/www.loriondet.it\/fr\/wp-json\/wp\/v2\/users\/1"}],"replies":[{"embeddable":true,"href":"https:\/\/www.loriondet.it\/fr\/wp-json\/wp\/v2\/comments?post=13866"}],"version-history":[{"count":0,"href":"https:\/\/www.loriondet.it\/fr\/wp-json\/wp\/v2\/pages\/13866\/revisions"}],"wp:featuredmedia":[{"embeddable":true,"href":"https:\/\/www.loriondet.it\/fr\/wp-json\/wp\/v2\/media\/13586"}],"wp:attachment":[{"href":"https:\/\/www.loriondet.it\/fr\/wp-json\/wp\/v2\/media?parent=13866"}],"curies":[{"name":"wp","href":"https:\/\/api.w.org\/{rel}","templated":true}]}}