{"id":13879,"date":"2024-09-28T23:24:18","date_gmt":"2024-09-28T21:24:18","guid":{"rendered":"https:\/\/www.loriondet.it\/chi-siamo\/"},"modified":"2024-10-23T19:18:25","modified_gmt":"2024-10-23T17:18:25","slug":"chi-siamo","status":"publish","type":"page","link":"https:\/\/www.loriondet.it\/fr\/chi-siamo\/","title":{"rendered":"A propos de nous"},"content":{"rendered":"\t\t<div data-elementor-type=\"wp-page\" data-elementor-id=\"13879\" class=\"elementor elementor-13879 elementor-12055\">\n\t\t\t\t<div class=\"elementor-element elementor-element-30b24aa0 e-con-full e-flex e-con e-parent\" data-id=\"30b24aa0\" data-element_type=\"container\" data-settings=\"{&quot;background_background&quot;:&quot;classic&quot;}\">\n\t\t<div class=\"elementor-element elementor-element-636f5029 e-con-full e-flex e-con e-child\" data-id=\"636f5029\" data-element_type=\"container\">\n\t\t\t\t<div class=\"elementor-element elementor-element-52979481 elementor-widget__width-initial elementor-widget elementor-widget-fidalgo_core_single_image\" data-id=\"52979481\" data-element_type=\"widget\" data-widget_type=\"fidalgo_core_single_image.default\">\n\t\t\t\t<div class=\"elementor-widget-container\">\n\t\t\t\t\t<div class=\"qodef-shortcode qodef-m qodef-single-image qodef-layout--default qodef--border-radius qodef--has-appear\" style=\"--qode-border-radius: 30% 0 0 0\">\n\t\t\t<div class=\"qodef-m-image\">\n\t\t\t\t\t\t\t\t<img fetchpriority=\"high\" decoding=\"async\" width=\"1707\" height=\"2560\" src=\"https:\/\/www.loriondet.it\/wp-content\/uploads\/2024\/09\/DETT-FAMIGLIA-scaled.jpg\" class=\"attachment-full size-full\" alt=\"\" srcset=\"https:\/\/www.loriondet.it\/wp-content\/uploads\/2024\/09\/DETT-FAMIGLIA-scaled.jpg 1707w, https:\/\/www.loriondet.it\/wp-content\/uploads\/2024\/09\/DETT-FAMIGLIA-scaled-600x900.jpg 600w, https:\/\/www.loriondet.it\/wp-content\/uploads\/2024\/09\/DETT-FAMIGLIA-200x300.jpg 200w, https:\/\/www.loriondet.it\/wp-content\/uploads\/2024\/09\/DETT-FAMIGLIA-683x1024.jpg 683w, https:\/\/www.loriondet.it\/wp-content\/uploads\/2024\/09\/DETT-FAMIGLIA-768x1152.jpg 768w, https:\/\/www.loriondet.it\/wp-content\/uploads\/2024\/09\/DETT-FAMIGLIA-1024x1536.jpg 1024w, https:\/\/www.loriondet.it\/wp-content\/uploads\/2024\/09\/DETT-FAMIGLIA-1365x2048.jpg 1365w\" sizes=\"(max-width: 1707px) 100vw, 1707px\" \/>\t\t\t\t\t\t\t<\/div>\n\t\t\t\t\t<\/div>\n\t\t\t\t<\/div>\n\t\t\t\t<\/div>\n\t\t\t\t<div class=\"elementor-element elementor-element-179854c elementor-widget elementor-widget-spacer\" data-id=\"179854c\" data-element_type=\"widget\" data-widget_type=\"spacer.default\">\n\t\t\t\t<div class=\"elementor-widget-container\">\n\t\t\t\t\t\t\t<div class=\"elementor-spacer\">\n\t\t\t<div class=\"elementor-spacer-inner\"><\/div>\n\t\t<\/div>\n\t\t\t\t\t\t<\/div>\n\t\t\t\t<\/div>\n\t\t\t\t<\/div>\n\t\t<div class=\"elementor-element elementor-element-77d92d2a e-con-full qodef-elementor-content-grid qodef-extended-grid qodef-extended-grid--left e-flex e-con e-child\" data-id=\"77d92d2a\" data-element_type=\"container\" data-settings=\"{&quot;background_background&quot;:&quot;classic&quot;}\">\n\t\t<div class=\"elementor-element elementor-element-4338a48f e-con-full e-flex e-con e-child\" data-id=\"4338a48f\" data-element_type=\"container\">\n\t\t\t\t<div class=\"elementor-element elementor-element-322f26bc elementor-widget__width-initial elementor-widget-mobile__width-inherit elementor-widget elementor-widget-fidalgo_core_info_section\" data-id=\"322f26bc\" data-element_type=\"widget\" data-widget_type=\"fidalgo_core_info_section.default\">\n\t\t\t\t<div class=\"elementor-widget-container\">\n\t\t\t\t\t<div class=\"qodef-shortcode qodef-m qodef-info-section qodef-layout--background-text qodef-title-break--disabled qodef-background-text-pos--top-left\">\n    <div class=\"qodef-m-info\">\n        <div class=\"qodef-m-title-holder\">\n                        \t<h2 class=\"qodef-m-title\" >\n\t\tHistoire familiale et cuisine\t<\/h2>\n        <\/div>\n        <div class=\"qodef-m-text-holder\" style=\"margin-top: 10px\">\n            <div class=\"qodef-m-text-info\">\n        <div class=\"qodef-m-text\" style=\"--qode-info-color: #CED8D8\"><p class=\"p1\">Notre Riondet a commenc\u00e9 durant l'\u00e9t\u00e9 1978 avec notre p\u00e8re Ivano qui, jeune homme d'une vingtaine d'ann\u00e9es, s'est lanc\u00e9 dans l'aventure du bar-restaurant avec l'aide de sa grand-m\u00e8re Maria, qui le soutenait en travaillant \u00e0 la cuisine.<\/p><p class=\"p1\">En 1980, le p\u00e8re Ivano a \u00e9pous\u00e9 la m\u00e8re Paola Collomb, qui venait d'obtenir son dipl\u00f4me d'\u00e9tudes secondaires et qui travaillait jusqu'alors avec ses parents et ses s\u0153urs au restaurant La Lisse.<\/p><\/div>\n    <\/div>\n        <\/div>\n\t\t\t<\/div>\n<\/div>\t\t\t\t<\/div>\n\t\t\t\t<\/div>\n\t\t\t\t<\/div>\n\t\t<div class=\"elementor-element elementor-element-3866298f e-con-full e-flex e-con e-child\" data-id=\"3866298f\" data-element_type=\"container\">\n\t\t<div class=\"elementor-element elementor-element-1972d79c e-con-full e-flex e-con e-child\" data-id=\"1972d79c\" data-element_type=\"container\">\n\t\t\t\t<div class=\"elementor-element elementor-element-2eca13c9 elementor-widget__width-inherit elementor-widget-mobile__width-inherit elementor-widget elementor-widget-fidalgo_core_single_image\" data-id=\"2eca13c9\" data-element_type=\"widget\" data-widget_type=\"fidalgo_core_single_image.default\">\n\t\t\t\t<div class=\"elementor-widget-container\">\n\t\t\t\t\t<div class=\"qodef-shortcode qodef-m qodef-single-image qodef-layout--default qodef--has-appear\" >\n\t\t\t<div class=\"qodef-m-image\">\n\t\t\t\t\t\t\t\t<img decoding=\"async\" width=\"1707\" height=\"2560\" src=\"https:\/\/www.loriondet.it\/wp-content\/uploads\/2024\/09\/tavolata-scaled.jpg\" class=\"attachment-full size-full\" alt=\"\" srcset=\"https:\/\/www.loriondet.it\/wp-content\/uploads\/2024\/09\/tavolata-scaled.jpg 1707w, https:\/\/www.loriondet.it\/wp-content\/uploads\/2024\/09\/tavolata-scaled-600x900.jpg 600w, https:\/\/www.loriondet.it\/wp-content\/uploads\/2024\/09\/tavolata-200x300.jpg 200w, https:\/\/www.loriondet.it\/wp-content\/uploads\/2024\/09\/tavolata-683x1024.jpg 683w, https:\/\/www.loriondet.it\/wp-content\/uploads\/2024\/09\/tavolata-768x1152.jpg 768w, https:\/\/www.loriondet.it\/wp-content\/uploads\/2024\/09\/tavolata-1024x1536.jpg 1024w, https:\/\/www.loriondet.it\/wp-content\/uploads\/2024\/09\/tavolata-1365x2048.jpg 1365w\" sizes=\"(max-width: 1707px) 100vw, 1707px\" \/>\t\t\t\t\t\t\t<\/div>\n\t\t\t\t\t<\/div>\n\t\t\t\t<\/div>\n\t\t\t\t<\/div>\n\t\t\t\t<\/div>\n\t\t<div class=\"elementor-element elementor-element-46605143 e-con-full e-flex e-con e-child\" data-id=\"46605143\" data-element_type=\"container\">\n\t\t\t\t<\/div>\n\t\t\t\t<\/div>\n\t\t\t\t<\/div>\n\t\t\t\t<\/div>\n\t\t<div class=\"elementor-element elementor-element-1c7d2c55 e-con-full e-flex e-con e-parent\" data-id=\"1c7d2c55\" data-element_type=\"container\" data-settings=\"{&quot;background_background&quot;:&quot;classic&quot;}\">\n\t\t<div class=\"elementor-element elementor-element-77809b3f e-con-full e-flex e-con e-child\" data-id=\"77809b3f\" data-element_type=\"container\">\n\t\t\t\t<div class=\"elementor-element elementor-element-4c0de8a2 elementor-widget__width-initial elementor-widget-mobile__width-inherit elementor-widget elementor-widget-fidalgo_core_info_section\" data-id=\"4c0de8a2\" data-element_type=\"widget\" data-widget_type=\"fidalgo_core_info_section.default\">\n\t\t\t\t<div class=\"elementor-widget-container\">\n\t\t\t\t\t<div class=\"qodef-shortcode qodef-m qodef-info-section qodef-layout--background-text qodef-background-text-pos--top-left\">\n    <div class=\"qodef-m-info\">\n        <div class=\"qodef-m-title-holder\">\n                                <\/div>\n        <div class=\"qodef-m-text-holder\" style=\"margin-top: 10px\">\n            <div class=\"qodef-m-text-info\">\n        <div class=\"qodef-m-text\" ><p class=\"p1\">Aujourd'hui, avec notre soutien, nous poursuivons Lo Riondet depuis plus de quarante ans, en maintenant la tradition des plats simples et authentiques typiques de la cuisine de montagne.<\/p><p class=\"p1\">Pour nous, la famille a toujours \u00e9t\u00e9 l'\u00e2me de cette maison : les g\u00e9n\u00e9rations se succ\u00e8dent, avec l'enthousiasme de nos enfants, en s'effor\u00e7ant d'am\u00e9liorer la qualit\u00e9 de l'offre et en maintenant toujours les traditions de la Vall\u00e9e de La Thuile.<\/p><\/div>\n    <\/div>\n        <\/div>\n\t\t\t<\/div>\n<\/div>\t\t\t\t<\/div>\n\t\t\t\t<\/div>\n\t\t\t\t<\/div>\n\t\t<div class=\"elementor-element elementor-element-7e195c86 e-con-full e-flex e-con e-child\" data-id=\"7e195c86\" data-element_type=\"container\">\n\t\t\t\t<div class=\"elementor-element elementor-element-6c999843 elementor-widget elementor-widget-fidalgo_core_single_image\" data-id=\"6c999843\" data-element_type=\"widget\" data-widget_type=\"fidalgo_core_single_image.default\">\n\t\t\t\t<div class=\"elementor-widget-container\">\n\t\t\t\t\t<div class=\"qodef-shortcode qodef-m qodef-single-image qodef-layout--default qodef--has-appear\" >\n\t\t\t<div class=\"qodef-m-image\">\n\t\t\t\t\t\t\t\t<img decoding=\"async\" width=\"2560\" height=\"1707\" src=\"https:\/\/www.loriondet.it\/wp-content\/uploads\/2024\/09\/FAMIGLIA-scaled.jpg\" class=\"attachment-full size-full\" alt=\"\" srcset=\"https:\/\/www.loriondet.it\/wp-content\/uploads\/2024\/09\/FAMIGLIA-scaled.jpg 2560w, https:\/\/www.loriondet.it\/wp-content\/uploads\/2024\/09\/FAMIGLIA-scaled-600x400.jpg 600w, https:\/\/www.loriondet.it\/wp-content\/uploads\/2024\/09\/FAMIGLIA-300x200.jpg 300w, https:\/\/www.loriondet.it\/wp-content\/uploads\/2024\/09\/FAMIGLIA-1024x683.jpg 1024w, https:\/\/www.loriondet.it\/wp-content\/uploads\/2024\/09\/FAMIGLIA-768x512.jpg 768w, https:\/\/www.loriondet.it\/wp-content\/uploads\/2024\/09\/FAMIGLIA-1536x1024.jpg 1536w, https:\/\/www.loriondet.it\/wp-content\/uploads\/2024\/09\/FAMIGLIA-2048x1365.jpg 2048w\" sizes=\"(max-width: 2560px) 100vw, 2560px\" \/>\t\t\t\t\t\t\t<\/div>\n\t\t\t\t\t<\/div>\n\t\t\t\t<\/div>\n\t\t\t\t<\/div>\n\t\t\t\t<div class=\"elementor-element elementor-element-5bb78a2 elementor-widget elementor-widget-spacer\" data-id=\"5bb78a2\" data-element_type=\"widget\" data-widget_type=\"spacer.default\">\n\t\t\t\t<div class=\"elementor-widget-container\">\n\t\t\t\t\t\t\t<div class=\"elementor-spacer\">\n\t\t\t<div class=\"elementor-spacer-inner\"><\/div>\n\t\t<\/div>\n\t\t\t\t\t\t<\/div>\n\t\t\t\t<\/div>\n\t\t\t\t<div class=\"elementor-element elementor-element-40566d7 elementor-widget elementor-widget-fidalgo_core_custom_font\" data-id=\"40566d7\" data-element_type=\"widget\" data-widget_type=\"fidalgo_core_custom_font.default\">\n\t\t\t\t<div class=\"elementor-widget-container\">\n\t\t\t\t\t<p class=\"qodef-shortcode qodef-m qodef-custom-font qodef-custom-font-957 qodef-layout--simple qodef-align--left qodef--has-scroll\" style=\"color: #C49871;font-family: Mrs Saint Delafield;font-size: 55px;line-height: 60px\" >\n\t<span class=\"qodef-e-inner\">\n\t\t\t\t\tAlessandro &amp; Maria Elena\t\t\t<\/span>\n<\/p>\n\t\t\t\t<\/div>\n\t\t\t\t<\/div>\n\t\t\t\t<\/div>\n\t\t\t\t<\/div>\n\t\t<div class=\"elementor-element elementor-element-722050d e-con-full e-flex e-con e-parent\" data-id=\"722050d\" data-element_type=\"container\">\n\t\t\t\t<div class=\"elementor-element elementor-element-ed77529 elementor-widget elementor-widget-spacer\" data-id=\"ed77529\" data-element_type=\"widget\" data-widget_type=\"spacer.default\">\n\t\t\t\t<div class=\"elementor-widget-container\">\n\t\t\t\t\t\t\t<div class=\"elementor-spacer\">\n\t\t\t<div class=\"elementor-spacer-inner\"><\/div>\n\t\t<\/div>\n\t\t\t\t\t\t<\/div>\n\t\t\t\t<\/div>\n\t\t\t\t<div class=\"elementor-element elementor-element-203e448 elementor-widget elementor-widget-fidalgo_core_image_gallery\" data-id=\"203e448\" data-element_type=\"widget\" data-widget_type=\"fidalgo_core_image_gallery.default\">\n\t\t\t\t<div class=\"elementor-widget-container\">\n\t\t\t\t\t<div class=\"qodef-shortcode qodef-m qodef-image-gallery qodef-border-radius-predefined-none qodef--has-hover qodef-grid qodef-layout--masonry qodef-col-num--2 qodef-responsive--predefined qodef-swiper--show-pagination\" >\n\t<div class=\"qodef-grid-inner\">\n\t\t\t<div class=\"qodef-grid-masonry-sizer\"><\/div>\n<div class=\"qodef-e qodef-image-wrapper qodef--has-appear qodef-grid-item \">\n\t\t\t<div class=\"qodef-round-borders-wrapper\">\n\t\t\t<div class=\"qodef-round-borders-wrapper-inner\">\n\t\t\t<img loading=\"lazy\" decoding=\"async\" width=\"2560\" height=\"1920\" src=\"https:\/\/www.loriondet.it\/wp-content\/uploads\/2024\/09\/DJI_0012_16-dicembre-2023-scaled.jpg\" class=\"attachment-full size-full\" alt=\"\" srcset=\"https:\/\/www.loriondet.it\/wp-content\/uploads\/2024\/09\/DJI_0012_16-dicembre-2023-scaled.jpg 2560w, https:\/\/www.loriondet.it\/wp-content\/uploads\/2024\/09\/DJI_0012_16-dicembre-2023-scaled-600x450.jpg 600w, https:\/\/www.loriondet.it\/wp-content\/uploads\/2024\/09\/DJI_0012_16-dicembre-2023-300x225.jpg 300w, https:\/\/www.loriondet.it\/wp-content\/uploads\/2024\/09\/DJI_0012_16-dicembre-2023-1024x768.jpg 1024w, https:\/\/www.loriondet.it\/wp-content\/uploads\/2024\/09\/DJI_0012_16-dicembre-2023-768x576.jpg 768w, https:\/\/www.loriondet.it\/wp-content\/uploads\/2024\/09\/DJI_0012_16-dicembre-2023-1536x1152.jpg 1536w, https:\/\/www.loriondet.it\/wp-content\/uploads\/2024\/09\/DJI_0012_16-dicembre-2023-2048x1536.jpg 2048w\" sizes=\"(max-width: 2560px) 100vw, 2560px\" \/>\t\t<\/div>\n        \t\t\t<\/div>\n\t<\/div>\n<div class=\"qodef-e qodef-image-wrapper qodef--has-appear qodef-grid-item \">\n\t\t\t<div class=\"qodef-round-borders-wrapper\">\n\t\t\t<div class=\"qodef-round-borders-wrapper-inner\">\n\t\t\t<img loading=\"lazy\" decoding=\"async\" width=\"2560\" height=\"1920\" src=\"https:\/\/www.loriondet.it\/wp-content\/uploads\/2024\/09\/DJI_0076_16-dicembre-2023-scaled.jpg\" class=\"attachment-full size-full\" alt=\"\" srcset=\"https:\/\/www.loriondet.it\/wp-content\/uploads\/2024\/09\/DJI_0076_16-dicembre-2023-scaled.jpg 2560w, https:\/\/www.loriondet.it\/wp-content\/uploads\/2024\/09\/DJI_0076_16-dicembre-2023-scaled-600x450.jpg 600w, https:\/\/www.loriondet.it\/wp-content\/uploads\/2024\/09\/DJI_0076_16-dicembre-2023-300x225.jpg 300w, https:\/\/www.loriondet.it\/wp-content\/uploads\/2024\/09\/DJI_0076_16-dicembre-2023-1024x768.jpg 1024w, https:\/\/www.loriondet.it\/wp-content\/uploads\/2024\/09\/DJI_0076_16-dicembre-2023-768x576.jpg 768w, https:\/\/www.loriondet.it\/wp-content\/uploads\/2024\/09\/DJI_0076_16-dicembre-2023-1536x1152.jpg 1536w, https:\/\/www.loriondet.it\/wp-content\/uploads\/2024\/09\/DJI_0076_16-dicembre-2023-2048x1536.jpg 2048w\" sizes=\"(max-width: 2560px) 100vw, 2560px\" \/>\t\t<\/div>\n        \t\t\t<\/div>\n\t<\/div>\n<div class=\"qodef-e qodef-image-wrapper qodef--has-appear qodef-grid-item \">\n\t\t\t<div class=\"qodef-round-borders-wrapper\">\n\t\t\t<div class=\"qodef-round-borders-wrapper-inner\">\n\t\t\t<img loading=\"lazy\" decoding=\"async\" width=\"1280\" height=\"1920\" src=\"https:\/\/www.loriondet.it\/wp-content\/uploads\/2024\/09\/DSC00668_15-dicembre-2023.jpg\" class=\"attachment-full size-full\" alt=\"\" srcset=\"https:\/\/www.loriondet.it\/wp-content\/uploads\/2024\/09\/DSC00668_15-dicembre-2023.jpg 1280w, https:\/\/www.loriondet.it\/wp-content\/uploads\/2024\/09\/DSC00668_15-dicembre-2023-600x900.jpg 600w, https:\/\/www.loriondet.it\/wp-content\/uploads\/2024\/09\/DSC00668_15-dicembre-2023-200x300.jpg 200w, https:\/\/www.loriondet.it\/wp-content\/uploads\/2024\/09\/DSC00668_15-dicembre-2023-683x1024.jpg 683w, https:\/\/www.loriondet.it\/wp-content\/uploads\/2024\/09\/DSC00668_15-dicembre-2023-768x1152.jpg 768w, https:\/\/www.loriondet.it\/wp-content\/uploads\/2024\/09\/DSC00668_15-dicembre-2023-1024x1536.jpg 1024w\" sizes=\"(max-width: 1280px) 100vw, 1280px\" \/>\t\t<\/div>\n        \t\t\t<\/div>\n\t<\/div>\n<div class=\"qodef-e qodef-image-wrapper qodef--has-appear qodef-grid-item \">\n\t\t\t<div class=\"qodef-round-borders-wrapper\">\n\t\t\t<div class=\"qodef-round-borders-wrapper-inner\">\n\t\t\t<img loading=\"lazy\" decoding=\"async\" width=\"1920\" height=\"1280\" src=\"https:\/\/www.loriondet.it\/wp-content\/uploads\/2024\/09\/DSC00243_15-dicembre-2023.jpg\" class=\"attachment-full size-full\" alt=\"\" srcset=\"https:\/\/www.loriondet.it\/wp-content\/uploads\/2024\/09\/DSC00243_15-dicembre-2023.jpg 1920w, https:\/\/www.loriondet.it\/wp-content\/uploads\/2024\/09\/DSC00243_15-dicembre-2023-600x400.jpg 600w, https:\/\/www.loriondet.it\/wp-content\/uploads\/2024\/09\/DSC00243_15-dicembre-2023-300x200.jpg 300w, https:\/\/www.loriondet.it\/wp-content\/uploads\/2024\/09\/DSC00243_15-dicembre-2023-1024x683.jpg 1024w, https:\/\/www.loriondet.it\/wp-content\/uploads\/2024\/09\/DSC00243_15-dicembre-2023-768x512.jpg 768w, https:\/\/www.loriondet.it\/wp-content\/uploads\/2024\/09\/DSC00243_15-dicembre-2023-1536x1024.jpg 1536w\" sizes=\"(max-width: 1920px) 100vw, 1920px\" \/>\t\t<\/div>\n        \t\t\t<\/div>\n\t<\/div>\n<div class=\"qodef-e qodef-image-wrapper qodef--has-appear qodef-grid-item \">\n\t\t\t<div class=\"qodef-round-borders-wrapper\">\n\t\t\t<div class=\"qodef-round-borders-wrapper-inner\">\n\t\t\t<img loading=\"lazy\" decoding=\"async\" width=\"1920\" height=\"1280\" src=\"https:\/\/www.loriondet.it\/wp-content\/uploads\/2024\/09\/DSC00343_15-dicembre-2023.jpg\" class=\"attachment-full size-full\" alt=\"\" srcset=\"https:\/\/www.loriondet.it\/wp-content\/uploads\/2024\/09\/DSC00343_15-dicembre-2023.jpg 1920w, https:\/\/www.loriondet.it\/wp-content\/uploads\/2024\/09\/DSC00343_15-dicembre-2023-600x400.jpg 600w, https:\/\/www.loriondet.it\/wp-content\/uploads\/2024\/09\/DSC00343_15-dicembre-2023-300x200.jpg 300w, https:\/\/www.loriondet.it\/wp-content\/uploads\/2024\/09\/DSC00343_15-dicembre-2023-1024x683.jpg 1024w, https:\/\/www.loriondet.it\/wp-content\/uploads\/2024\/09\/DSC00343_15-dicembre-2023-768x512.jpg 768w, https:\/\/www.loriondet.it\/wp-content\/uploads\/2024\/09\/DSC00343_15-dicembre-2023-1536x1024.jpg 1536w\" sizes=\"(max-width: 1920px) 100vw, 1920px\" \/>\t\t<\/div>\n        \t\t\t<\/div>\n\t<\/div>\n<div class=\"qodef-e qodef-image-wrapper qodef--has-appear qodef-grid-item \">\n\t\t\t<div class=\"qodef-round-borders-wrapper\">\n\t\t\t<div class=\"qodef-round-borders-wrapper-inner\">\n\t\t\t<img loading=\"lazy\" decoding=\"async\" width=\"1707\" height=\"2560\" src=\"https:\/\/www.loriondet.it\/wp-content\/uploads\/2024\/09\/DSC09674_28-febbraio-2024-scaled.jpg\" class=\"attachment-full size-full\" alt=\"\" srcset=\"https:\/\/www.loriondet.it\/wp-content\/uploads\/2024\/09\/DSC09674_28-febbraio-2024-scaled.jpg 1707w, https:\/\/www.loriondet.it\/wp-content\/uploads\/2024\/09\/DSC09674_28-febbraio-2024-scaled-600x900.jpg 600w, https:\/\/www.loriondet.it\/wp-content\/uploads\/2024\/09\/DSC09674_28-febbraio-2024-200x300.jpg 200w, https:\/\/www.loriondet.it\/wp-content\/uploads\/2024\/09\/DSC09674_28-febbraio-2024-683x1024.jpg 683w, https:\/\/www.loriondet.it\/wp-content\/uploads\/2024\/09\/DSC09674_28-febbraio-2024-768x1152.jpg 768w, https:\/\/www.loriondet.it\/wp-content\/uploads\/2024\/09\/DSC09674_28-febbraio-2024-1024x1536.jpg 1024w, https:\/\/www.loriondet.it\/wp-content\/uploads\/2024\/09\/DSC09674_28-febbraio-2024-1365x2048.jpg 1365w\" sizes=\"(max-width: 1707px) 100vw, 1707px\" \/>\t\t<\/div>\n        \t\t\t<\/div>\n\t<\/div>\n<div class=\"qodef-e qodef-image-wrapper qodef--has-appear qodef-grid-item \">\n\t\t\t<div class=\"qodef-round-borders-wrapper\">\n\t\t\t<div class=\"qodef-round-borders-wrapper-inner\">\n\t\t\t<img loading=\"lazy\" decoding=\"async\" width=\"1920\" height=\"1280\" src=\"https:\/\/www.loriondet.it\/wp-content\/uploads\/2024\/09\/DSC00424_15-dicembre-2023.jpg\" class=\"attachment-full size-full\" alt=\"\" srcset=\"https:\/\/www.loriondet.it\/wp-content\/uploads\/2024\/09\/DSC00424_15-dicembre-2023.jpg 1920w, https:\/\/www.loriondet.it\/wp-content\/uploads\/2024\/09\/DSC00424_15-dicembre-2023-600x400.jpg 600w, https:\/\/www.loriondet.it\/wp-content\/uploads\/2024\/09\/DSC00424_15-dicembre-2023-300x200.jpg 300w, https:\/\/www.loriondet.it\/wp-content\/uploads\/2024\/09\/DSC00424_15-dicembre-2023-1024x683.jpg 1024w, https:\/\/www.loriondet.it\/wp-content\/uploads\/2024\/09\/DSC00424_15-dicembre-2023-768x512.jpg 768w, https:\/\/www.loriondet.it\/wp-content\/uploads\/2024\/09\/DSC00424_15-dicembre-2023-1536x1024.jpg 1536w\" sizes=\"(max-width: 1920px) 100vw, 1920px\" \/>\t\t<\/div>\n        \t\t\t<\/div>\n\t<\/div>\n<div class=\"qodef-e qodef-image-wrapper qodef--has-appear qodef-grid-item \">\n\t\t\t<div class=\"qodef-round-borders-wrapper\">\n\t\t\t<div class=\"qodef-round-borders-wrapper-inner\">\n\t\t\t<img loading=\"lazy\" decoding=\"async\" width=\"1920\" height=\"1280\" src=\"https:\/\/www.loriondet.it\/wp-content\/uploads\/2024\/09\/DSC00553_15-dicembre-2023.jpg\" class=\"attachment-full size-full\" alt=\"\" srcset=\"https:\/\/www.loriondet.it\/wp-content\/uploads\/2024\/09\/DSC00553_15-dicembre-2023.jpg 1920w, https:\/\/www.loriondet.it\/wp-content\/uploads\/2024\/09\/DSC00553_15-dicembre-2023-600x400.jpg 600w, https:\/\/www.loriondet.it\/wp-content\/uploads\/2024\/09\/DSC00553_15-dicembre-2023-300x200.jpg 300w, https:\/\/www.loriondet.it\/wp-content\/uploads\/2024\/09\/DSC00553_15-dicembre-2023-1024x683.jpg 1024w, https:\/\/www.loriondet.it\/wp-content\/uploads\/2024\/09\/DSC00553_15-dicembre-2023-768x512.jpg 768w, https:\/\/www.loriondet.it\/wp-content\/uploads\/2024\/09\/DSC00553_15-dicembre-2023-1536x1024.jpg 1536w\" sizes=\"(max-width: 1920px) 100vw, 1920px\" \/>\t\t<\/div>\n        \t\t\t<\/div>\n\t<\/div>\n\t<\/div>\n<\/div>\n\t\t\t\t<\/div>\n\t\t\t\t<\/div>\n\t\t\t\t<\/div>\n\t\t\t\t<\/div>\n\t\t","protected":false},"excerpt":{"rendered":"<p>Histoire familiale et cuisine Notre Riondet a commenc\u00e9 durant l&rsquo;\u00e9t\u00e9 1978 avec notre p\u00e8re Ivano qui, jeune homme d&rsquo;une vingtaine d&rsquo;ann\u00e9es, s&rsquo;est lanc\u00e9 dans l&rsquo;aventure du bar-restaurant avec l&rsquo;aide de sa grand-m\u00e8re Maria, qui le soutenait en travaillant \u00e0 la cuisine. En 1980, le p\u00e8re Ivano a \u00e9pous\u00e9 la m\u00e8re Paola Collomb, qui venait d&rsquo;obtenir [&hellip;]<\/p>\n","protected":false},"author":1,"featured_media":0,"parent":0,"menu_order":0,"comment_status":"closed","ping_status":"closed","template":"","meta":{"footnotes":""},"class_list":["post-13879","page","type-page","status-publish","hentry"],"_links":{"self":[{"href":"https:\/\/www.loriondet.it\/fr\/wp-json\/wp\/v2\/pages\/13879","targetHints":{"allow":["GET"]}}],"collection":[{"href":"https:\/\/www.loriondet.it\/fr\/wp-json\/wp\/v2\/pages"}],"about":[{"href":"https:\/\/www.loriondet.it\/fr\/wp-json\/wp\/v2\/types\/page"}],"author":[{"embeddable":true,"href":"https:\/\/www.loriondet.it\/fr\/wp-json\/wp\/v2\/users\/1"}],"replies":[{"embeddable":true,"href":"https:\/\/www.loriondet.it\/fr\/wp-json\/wp\/v2\/comments?post=13879"}],"version-history":[{"count":0,"href":"https:\/\/www.loriondet.it\/fr\/wp-json\/wp\/v2\/pages\/13879\/revisions"}],"wp:attachment":[{"href":"https:\/\/www.loriondet.it\/fr\/wp-json\/wp\/v2\/media?parent=13879"}],"curies":[{"name":"wp","href":"https:\/\/api.w.org\/{rel}","templated":true}]}}