{"id":13885,"date":"2024-09-29T18:44:06","date_gmt":"2024-09-29T16:44:06","guid":{"rendered":"https:\/\/www.loriondet.it\/lavora-con-noi\/"},"modified":"2024-10-23T19:17:20","modified_gmt":"2024-10-23T17:17:20","slug":"lavora-con-noi","status":"publish","type":"page","link":"https:\/\/www.loriondet.it\/fr\/lavora-con-noi\/","title":{"rendered":"Travaillez avec nous"},"content":{"rendered":"\t\t<div data-elementor-type=\"wp-page\" data-elementor-id=\"13885\" class=\"elementor elementor-13885 elementor-12370\">\n\t\t\t\t<div class=\"elementor-element elementor-element-ac00bbd e-con-full e-flex e-con e-parent\" data-id=\"ac00bbd\" data-element_type=\"container\">\n\t\t\t\t<div class=\"elementor-element elementor-element-3236396 elementor-widget elementor-widget-spacer\" data-id=\"3236396\" data-element_type=\"widget\" data-widget_type=\"spacer.default\">\n\t\t\t\t<div class=\"elementor-widget-container\">\n\t\t\t\t\t\t\t<div class=\"elementor-spacer\">\n\t\t\t<div class=\"elementor-spacer-inner\"><\/div>\n\t\t<\/div>\n\t\t\t\t\t\t<\/div>\n\t\t\t\t<\/div>\n\t\t\t\t<div class=\"elementor-element elementor-element-54add5a elementor-widget elementor-widget-heading\" data-id=\"54add5a\" data-element_type=\"widget\" data-widget_type=\"heading.default\">\n\t\t\t\t<div class=\"elementor-widget-container\">\n\t\t\t\t\t<h2 class=\"elementor-heading-title elementor-size-default\">Travaillez avec nous<\/h2>\t\t\t\t<\/div>\n\t\t\t\t<\/div>\n\t\t\t\t<div class=\"elementor-element elementor-element-4fceee6 elementor-widget elementor-widget-text-editor\" data-id=\"4fceee6\" data-element_type=\"widget\" data-widget_type=\"text-editor.default\">\n\t\t\t\t<div class=\"elementor-widget-container\">\n\t\t\t\t\t\t\t\t\t<p class=\"p1\" style=\"text-align: center;\">Rejoignez notre \u00e9quipe \u00e0 Riondet et vivez une exp\u00e9rience saisonni\u00e8re inoubliable au sommet du col du Petit St Bernard, au milieu des for\u00eats et d&rsquo;une nature pr\u00e9serv\u00e9e. Nous recherchons des personnes dynamiques et pr\u00eates \u00e0 travailler en \u00e9quipe. Rejoignez notre famille et postulez d\u00e8s maintenant !  <\/p>\n<h5 class=\"p3\" style=\"text-align: center;\"><b>Remplissez le formulaire et envoyez-nous votre candidature<\/b><\/h5>\n\t\t\t\t\t\t\t\t<\/div>\n\t\t\t\t<\/div>\n\t\t\t\t<div class=\"elementor-element elementor-element-2e96093 elementor-widget elementor-widget-shortcode\" data-id=\"2e96093\" data-element_type=\"widget\" data-widget_type=\"shortcode.default\">\n\t\t\t\t<div class=\"elementor-widget-container\">\n\t\t\t\t\t\t\t<div class=\"elementor-shortcode\">\n<div class=\"wpcf7 no-js\" id=\"wpcf7-f13852-o1\" lang=\"fr-FR\" dir=\"ltr\" data-wpcf7-id=\"13852\">\n<div class=\"screen-reader-response\"><p role=\"status\" aria-live=\"polite\" aria-atomic=\"true\"><\/p> <ul><\/ul><\/div>\n<form action=\"\/fr\/wp-json\/wp\/v2\/pages\/13885#wpcf7-f13852-o1\" method=\"post\" class=\"wpcf7-form init\" aria-label=\"Formulaire de contact\" enctype=\"multipart\/form-data\" novalidate=\"novalidate\" data-status=\"init\">\n<fieldset class=\"hidden-fields-container\"><input type=\"hidden\" name=\"_wpcf7\" value=\"13852\" \/><input type=\"hidden\" name=\"_wpcf7_version\" value=\"6.1.4\" \/><input type=\"hidden\" name=\"_wpcf7_locale\" value=\"fr_FR\" \/><input type=\"hidden\" name=\"_wpcf7_unit_tag\" value=\"wpcf7-f13852-o1\" \/><input type=\"hidden\" name=\"_wpcf7_container_post\" value=\"0\" \/><input type=\"hidden\" name=\"_wpcf7_posted_data_hash\" value=\"\" \/><input type=\"hidden\" name=\"_wpcf7_recaptcha_response\" value=\"\" \/>\n<\/fieldset>\n<div class=\"qodef-standard-contact-form\">\n<span class=\"wpcf7-form-control-wrap\" data-name=\"your-name\"><input size=\"40\" maxlength=\"400\" class=\"wpcf7-form-control wpcf7-text wpcf7-validates-as-required\" aria-required=\"true\" aria-invalid=\"false\" placeholder=\"Nom\" value=\"\" type=\"text\" name=\"your-name\" \/><\/span>\n<span class=\"wpcf7-form-control-wrap\" data-name=\"your-name\"><input size=\"40\" maxlength=\"400\" class=\"wpcf7-form-control wpcf7-text wpcf7-validates-as-required\" aria-required=\"true\" aria-invalid=\"false\" placeholder=\"Nom de famille\" value=\"\" type=\"text\" name=\"your-name\" \/><\/span>\n<span class=\"wpcf7-form-control-wrap\" data-name=\"your-email\"><input size=\"40\" maxlength=\"400\" class=\"wpcf7-form-control wpcf7-email wpcf7-validates-as-required wpcf7-text wpcf7-validates-as-email\" aria-required=\"true\" aria-invalid=\"false\" placeholder=\"Courrier\" value=\"\" type=\"email\" name=\"your-email\" \/><\/span>\n<span class=\"wpcf7-form-control-wrap\" data-name=\"your-email\"><input size=\"40\" maxlength=\"400\" class=\"wpcf7-form-control wpcf7-tel wpcf7-validates-as-required wpcf7-text wpcf7-validates-as-tel\" aria-required=\"true\" aria-invalid=\"false\" placeholder=\"T\u00e9l\u00e9phone\" value=\"\" type=\"tel\" name=\"your-email\" \/><\/span>\n<span class=\"wpcf7-form-control-wrap\" data-name=\"your-message\"><textarea cols=\"40\" rows=\"10\" maxlength=\"2000\" class=\"wpcf7-form-control wpcf7-textarea\" aria-invalid=\"false\" name=\"your-message\">Message<\/textarea><\/span>\nT\u00e9l\u00e9chargez votre CV\n<span class=\"wpcf7-form-control-wrap\" data-name=\"file-194\"><input size=\"40\" class=\"wpcf7-form-control wpcf7-file\" accept=\"audio\/*,video\/*,image\/*\" aria-invalid=\"false\" type=\"file\" name=\"file-194\" \/><\/span>\n<span class=\"wpcf7-form-control-wrap\" data-name=\"acceptance-737\"><span class=\"wpcf7-form-control wpcf7-acceptance\"><span class=\"wpcf7-list-item\"><label><input type=\"checkbox\" name=\"acceptance-737\" value=\"1\" aria-invalid=\"false\" \/><span class=\"wpcf7-list-item-label\">J'ai lu la politique de confidentialit\u00e9 et je consens \u00e0 ce que mes donn\u00e9es soient conserv\u00e9es dans vos dossiers conform\u00e9ment au r\u00e8glement europ\u00e9en sur la protection des donn\u00e9es n\u00b0 679\/2016, GDPR. <a href=\"https:\/\/loriondet.it\/privacy-policy\/\">Politique de confidentialit\u00e9<\/a>. <\/p><\/span><\/label><\/span><\/span><\/span> \n<button class=\"wpcf7-form-control wpcf7-submit qodef-button qodef-size--normal qodef-layout--outlined qodef-m\" type=\"submit\"><span class=\"qodef-m-text\">Envoyer<\/span><\/button>\n<\/div><div class=\"wpcf7-response-output\" aria-hidden=\"true\"><\/div>\n<\/form>\n<\/div>\n<\/div>\n\t\t\t\t\t\t<\/div>\n\t\t\t\t<\/div>\n\t\t\t\t<\/div>\n\t\t\t\t<\/div>\n\t\t","protected":false},"excerpt":{"rendered":"<p>Travaillez avec nous Rejoignez notre \u00e9quipe \u00e0 Riondet et vivez une exp\u00e9rience saisonni\u00e8re inoubliable au sommet du col du Petit St Bernard, au milieu des for\u00eats et d&rsquo;une nature pr\u00e9serv\u00e9e. Nous recherchons des personnes dynamiques et pr\u00eates \u00e0 travailler en \u00e9quipe. Rejoignez notre famille et postulez d\u00e8s maintenant ! Remplissez le formulaire et envoyez-nous votre [&hellip;]<\/p>\n","protected":false},"author":1,"featured_media":0,"parent":0,"menu_order":0,"comment_status":"closed","ping_status":"closed","template":"","meta":{"footnotes":""},"class_list":["post-13885","page","type-page","status-publish","hentry"],"_links":{"self":[{"href":"https:\/\/www.loriondet.it\/fr\/wp-json\/wp\/v2\/pages\/13885","targetHints":{"allow":["GET"]}}],"collection":[{"href":"https:\/\/www.loriondet.it\/fr\/wp-json\/wp\/v2\/pages"}],"about":[{"href":"https:\/\/www.loriondet.it\/fr\/wp-json\/wp\/v2\/types\/page"}],"author":[{"embeddable":true,"href":"https:\/\/www.loriondet.it\/fr\/wp-json\/wp\/v2\/users\/1"}],"replies":[{"embeddable":true,"href":"https:\/\/www.loriondet.it\/fr\/wp-json\/wp\/v2\/comments?post=13885"}],"version-history":[{"count":0,"href":"https:\/\/www.loriondet.it\/fr\/wp-json\/wp\/v2\/pages\/13885\/revisions"}],"wp:attachment":[{"href":"https:\/\/www.loriondet.it\/fr\/wp-json\/wp\/v2\/media?parent=13885"}],"curies":[{"name":"wp","href":"https:\/\/api.w.org\/{rel}","templated":true}]}}