{"id":13924,"date":"2024-10-21T19:50:26","date_gmt":"2024-10-21T17:50:26","guid":{"rendered":"https:\/\/www.loriondet.it\/termini-e-condizioni\/"},"modified":"2024-10-23T20:38:05","modified_gmt":"2024-10-23T18:38:05","slug":"termini-e-condizioni","status":"publish","type":"page","link":"https:\/\/www.loriondet.it\/fr\/termini-e-condizioni\/","title":{"rendered":"Conditions g\u00e9n\u00e9rales d&rsquo;utilisation"},"content":{"rendered":"\t\t<div data-elementor-type=\"wp-page\" data-elementor-id=\"13924\" class=\"elementor elementor-13924 elementor-12424\">\n\t\t\t\t<div class=\"elementor-element elementor-element-f5f97cd e-flex e-con-boxed e-con e-parent\" data-id=\"f5f97cd\" data-element_type=\"container\">\n\t\t\t\t\t<div class=\"e-con-inner\">\n\t\t\t\t<div class=\"elementor-element elementor-element-b218f48 elementor-widget elementor-widget-text-editor\" data-id=\"b218f48\" data-element_type=\"widget\" data-widget_type=\"text-editor.default\">\n\t\t\t\t<div class=\"elementor-widget-container\">\n\t\t\t\t\t\t\t\t\t<p class=\"p1\"><b>Conditions g\u00e9n\u00e9rales de vente<\/b><\/p>\n<\/p>\n<p class=\"p2\"><b>Art. 1 &#8211; Dispositions g\u00e9n\u00e9rales<\/b><\/p>\n<\/p>\n<p class=\"p2\">1. En naviguant dans cet espace, l&rsquo;utilisateur acc\u00e8de \u00e0 Shop on line, accessible via l&rsquo;url : https:\/\/www.loriondet.it\/shop. La navigation et la passation d&rsquo;une commande de<\/p>\n<p class=\"p2\">l&rsquo;achat sur le site implique l&rsquo;acceptation des conditions et des politiques de protection des donn\u00e9es adopt\u00e9es par le site, telles qu&rsquo;elles y sont expos\u00e9es.<\/p>\n<\/p>\n<p class=\"p2\">2. Les pr\u00e9sentes conditions g\u00e9n\u00e9rales de vente s&rsquo;appliquent \u00e0 la vente de produits, \u00e0 l&rsquo;exclusion des achats effectu\u00e9s sur le site, conform\u00e9ment aux dispositions suivantes<\/p>\n<p class=\"p2\">Partie III, Titre III, Chapitre I, Code de la consommation (D\u00e9cret l\u00e9gislatif n\u00b0 206\/05 tel que modifi\u00e9 par le D\u00e9cret l\u00e9gislatif n\u00b0 21\/14 et le D\u00e9cret l\u00e9gislatif n\u00b0 70\/03) par :<\/p>\n<\/p>\n<p class=\"p2\"><strong>Entreprise Riondet sas di Udali Ivano &amp; C<\/strong><\/p>\n<p class=\"p2\"><strong>Quartier g\u00e9n\u00e9ral : SS Piccolo San Bernardo, 4 -11016 La Thuile (AO)<\/strong><\/p>\n<p class=\"p2\"><strong>Num\u00e9ro de TVA : 00127900074<\/strong><\/p>\n<p class=\"p2\"><strong>Enregistr\u00e9 au REA, num\u00e9ro AO37605<\/strong><\/p>\n<\/p>\n<p class=\"p2\">3. L&rsquo;utilisateur est tenu, avant d&rsquo;acc\u00e9der aux produits fournis par le site, de lire les pr\u00e9sentes conditions g\u00e9n\u00e9rales de vente, qui sont accept\u00e9es de mani\u00e8re g\u00e9n\u00e9rale et sans \u00e9quivoque au moment de l&rsquo;achat.<\/p>\n<\/p>\n<p class=\"p2\">4. Vous \u00eates invit\u00e9 \u00e0 t\u00e9l\u00e9charger et \u00e0 imprimer une copie du formulaire d&rsquo;achat et des pr\u00e9sentes conditions g\u00e9n\u00e9rales de vente, dont Shop on line se r\u00e9serve le droit de modifier les termes unilat\u00e9ralement et sans pr\u00e9avis.<\/p>\n<\/p>\n<p class=\"p2\"><b>Art. 2 &#8211; Objet<\/b><\/p>\n<\/p>\n<p class=\"p2\">1. Les pr\u00e9sentes conditions g\u00e9n\u00e9rales de vente r\u00e9gissent l&rsquo;offre, la soumission et l&rsquo;acceptation des commandes d&rsquo;achat de produits sur Shop on line et ne r\u00e9gissent pas, en revanche, la prestation de services ou la vente de produits par des parties autres que le vendeur qui sont pr\u00e9sentes sur le m\u00eame site par le biais de liens, de banni\u00e8res ou d&rsquo;autres liens hypertextes.<\/p>\n<\/p>\n<p class=\"p2\">2. Avant de passer des commandes et d&rsquo;acheter des produits et des services \u00e0 d&rsquo;autres parties, nous vous conseillons de v\u00e9rifier leurs conditions de vente.<\/p>\n<\/p>\n<p class=\"p2\"><b>Art. 3 &#8211; Conclusion du contrat<\/b><\/p>\n<\/p>\n<p class=\"p2\">1. Pour conclure le contrat d&rsquo;achat, vous devez remplir le formulaire suivant <span class=\"s1\"><i>1\/7 <\/i><\/span>\u00e9lectronique et le soumettre en suivant les instructions correspondantes.<\/p>\n<\/p>\n<p class=\"p2\">2. Il contient un renvoi aux conditions g\u00e9n\u00e9rales de vente, des images de chaque produit et de son prix, les moyens de paiement utilisables, le mode de livraison des produits achet\u00e9s et les frais d&rsquo;exp\u00e9dition et de livraison correspondants, un renvoi aux conditions d&rsquo;exercice du droit de r\u00e9tractation, ainsi que le mode et le d\u00e9lai de renvoi des produits achet\u00e9s.<\/p>\n<\/p>\n<p class=\"p2\">3. Avant de conclure le contrat, il vous sera demand\u00e9 de confirmer que vous avez lu les conditions g\u00e9n\u00e9rales de vente, y compris les informations relatives au droit de r\u00e9tractation et au traitement des donn\u00e9es \u00e0 caract\u00e8re personnel.<\/p>\n<\/p>\n<p class=\"p2\">4. Le contrat est conclu lorsque le vendeur re\u00e7oit le formulaire rempli par l&rsquo;utilisateur, apr\u00e8s v\u00e9rification de l&rsquo;exactitude des donn\u00e9es qu&rsquo;il contient.<\/p>\n<\/p>\n<p class=\"p2\">5. L&rsquo;utilisateur est tenu de payer le prix \u00e0 partir du moment o\u00f9 le processus de commande en ligne est termin\u00e9. Pour ce faire, il doit cliquer sur le bouton \u00ab\u00a0Passer commande\u00a0\u00bb \u00e0 la fin de l&rsquo;assistant. <\/p>\n<\/p>\n<p class=\"p2\">6. Une fois le contrat conclu, le vendeur prend en charge le traitement de la commande.<\/p>\n<\/p>\n<p class=\"p2\"><b>Article 4 &#8211; Utilisateurs enregistr\u00e9s<\/b><\/p>\n<\/p>\n<p class=\"p2\">1. En effectuant les proc\u00e9dures d&rsquo;enregistrement, l&rsquo;utilisateur s&rsquo;engage \u00e0 suivre les instructions figurant sur le site et \u00e0 fournir ses donn\u00e9es personnelles correctement et<\/p>\n<p class=\"p2\">vrai.<\/p>\n<\/p>\n<p class=\"p2\">2. La confirmation exon\u00e8re en tout \u00e9tat de cause Shop on line de toute responsabilit\u00e9 concernant les donn\u00e9es fournies par l&rsquo;utilisateur. L&rsquo;utilisateur s&rsquo;engage \u00e0 informer Shop on line dans les plus brefs d\u00e9lais des \u00e9l\u00e9ments suivants <\/p>\n<p class=\"p2\">toute modification de leurs donn\u00e9es communiqu\u00e9es \u00e0 tout moment.<\/p>\n<\/p>\n<p class=\"p2\">3. Si l&rsquo;utilisateur communique alors des donn\u00e9es inexactes ou incompl\u00e8tes, ou m\u00eame s&rsquo;il existe un litige entre les parties concern\u00e9es concernant les paiements effectu\u00e9s, Shop on line a le droit de ne pas activer ou de suspendre le service jusqu&rsquo;\u00e0 ce qu&rsquo;il ait \u00e9t\u00e9 rem\u00e9di\u00e9 aux manquements constat\u00e9s.<\/p>\n<\/p>\n<p class=\"p2\">4. Lors de la premi\u00e8re demande d&rsquo;activation d&rsquo;un profil par l&rsquo;utilisateur, Shop on line attribue un nom d&rsquo;utilisateur et un mot de passe \u00e0 l&rsquo;utilisateur. Ce dernier reconna\u00eet que ces identifiants constituent le syst\u00e8me de validation de l&rsquo;acc\u00e8s de l&rsquo;utilisateur aux services et le seul syst\u00e8me capable d&rsquo;identifier l&rsquo;utilisateur et que les actes effectu\u00e9s par le biais de cet acc\u00e8s lui seront attribu\u00e9s et l&rsquo;engageront. <\/p>\n<\/p>\n<p class=\"p2\">5. L&rsquo;utilisateur s&rsquo;engage \u00e0 garder secr\u00e8tes ses donn\u00e9es d&rsquo;acc\u00e8s et \u00e0 <span class=\"s1\"><i>2\/7 <\/i><\/span>L&rsquo;utilisateur s&rsquo;engage \u00e0 conserver ses donn\u00e9es d&rsquo;acc\u00e8s secr\u00e8tes et \u00e0 les conserver avec le soin et la diligence n\u00e9cessaires et \u00e0 ne pas les transmettre, m\u00eame temporairement, \u00e0 des tiers.<\/p>\n<\/p>\n<p class=\"p2\"><b>Art. 5 &#8211; Disponibilit\u00e9 des produits<\/b><\/p>\n<\/p>\n<p class=\"p2\">1. La disponibilit\u00e9 des produits fait r\u00e9f\u00e9rence \u00e0 la disponibilit\u00e9 r\u00e9elle au moment o\u00f9 l&rsquo;utilisateur passe sa commande. Toutefois, cette disponibilit\u00e9 doit \u00eatre consid\u00e9r\u00e9e comme purement indicative car, en raison de la pr\u00e9sence simultan\u00e9e de plusieurs utilisateurs sur le site, les produits peuvent \u00eatre vendus \u00e0 d&rsquo;autres clients avant que la commande ne soit confirm\u00e9e. <\/p>\n<\/p>\n<p class=\"p2\">2. M\u00eame apr\u00e8s l&rsquo;envoi de l&rsquo;e-mail de confirmation de la commande, une indisponibilit\u00e9 partielle ou totale des produits peut survenir. Dans cette \u00e9ventualit\u00e9, la commande sera rectifi\u00e9e automatiquement en supprimant le produit indisponible et l&rsquo;utilisateur en sera inform\u00e9 imm\u00e9diatement par e-mail. <\/p>\n<\/p>\n<p class=\"p2\">3. Si vous demandez l&rsquo;annulation de votre commande, ce qui met fin au contrat, Shop on line vous remboursera le montant pay\u00e9 dans les 30 jours apr\u00e8s que Shop on line a pris connaissance de votre d\u00e9cision de mettre fin au contrat.<\/p>\n<\/p>\n<p class=\"p2\"><b>Art. 6 &#8211; Produits offerts<\/b><\/p>\n<\/p>\n<p class=\"p2\">1. La boutique en ligne vend : des cosm\u00e9tiques, des textiles et des parfums d&rsquo;ambiance<\/p>\n<\/p>\n<p class=\"p2\">2. L&rsquo;offre est d\u00e9taill\u00e9e sur notre site internet au lien suivant : https:\/\/www.loriondet.it\/shop<\/p>\n<\/p>\n<p class=\"p2\"><b>Art. 7 &#8211; Conditions de paiement et prix<\/b><\/p>\n<\/p>\n<p class=\"p2\">1. Le prix des produits est celui indiqu\u00e9 p\u00e9riodiquement sur le site, sauf erreur manifeste.<\/p>\n<\/p>\n<p class=\"p2\">2. En cas d&rsquo;erreur, Shop on line en informera l&rsquo;acheteur dans les plus brefs d\u00e9lais et permettra la confirmation de la commande au montant correct ou l&rsquo;annulation. Shop on line n&rsquo;est pas tenu de livrer ce qui est vendu au prix inf\u00e9rieur indiqu\u00e9 par erreur. <\/p>\n<\/p>\n<p class=\"p2\">3. Les prix du site s&rsquo;entendent TVA comprise et ne comprennent pas les frais d&rsquo;exp\u00e9dition. Les prix peuvent \u00eatre modifi\u00e9s \u00e0 tout moment. Les modifications n&rsquo;affectent pas les commandes pour lesquelles une confirmation a d\u00e9j\u00e0 \u00e9t\u00e9 envoy\u00e9e.  <\/p>\n<\/p>\n<p class=\"p2\">4. Une fois les produits souhait\u00e9s s\u00e9lectionn\u00e9s, ils seront ajout\u00e9s au panier d&rsquo;achat. Il sera <span class=\"s1\"><i>3\/7<\/i><\/span>de suivre simplement les instructions d&rsquo;achat, en saisissant ou en v\u00e9rifiant les informations requises \u00e0 chaque \u00e9tape du processus. Les d\u00e9tails de la commande peuvent \u00eatre modifi\u00e9s avant le paiement.  <\/p>\n<\/p>\n<p class=\"p2\">5. Le paiement peut \u00eatre effectu\u00e9 par : Carte de cr\u00e9dit (Visa, Mastercard) et Paypal.<\/p>\n<\/p>\n<p class=\"p2\"><b>Art. 8 &#8211; Livraison<\/b><\/p>\n<\/p>\n<p class=\"p2\">1. Magasinez en ligne des navires dans toute l&rsquo;Italie, \u00e0 l&rsquo;exclusion de l&rsquo;\u00c9tat de la Cit\u00e9 du Vatican et de la R\u00e9publique de Saint-Marin.<\/p>\n<\/p>\n<p class=\"p2\">2. Shop on line ne livrera qu&rsquo;au domicile de l&rsquo;utilisateur, indiqu\u00e9 au moment de l&rsquo;achat.<\/p>\n<\/p>\n<p class=\"p2\">3. La livraison est g\u00e9n\u00e9ralement effectu\u00e9e dans un d\u00e9lai de 14 jours ou, si aucune date de livraison n&rsquo;est sp\u00e9cifi\u00e9e, dans le d\u00e9lai estim\u00e9 au moment de la s\u00e9lection du mode de livraison et, en tout \u00e9tat de cause, dans un d\u00e9lai maximum de trente jours \u00e0 compter de la date de confirmation.<\/p>\n<\/p>\n<p class=\"p2\">4. Si la livraison n&rsquo;est pas possible, la commande est envoy\u00e9e \u00e0 l&rsquo;entrep\u00f4t. Dans ce cas, un avis pr\u00e9cisera l&#8217;emplacement de la commande et la mani\u00e8re de convenir d&rsquo;une nouvelle livraison. <\/p>\n<\/p>\n<p class=\"p2\">5. Si vous ne pouvez pas \u00eatre pr\u00e9sent sur le lieu de livraison \u00e0 l&rsquo;heure convenue, veuillez nous recontacter pour convenir d&rsquo;une nouvelle date de livraison.<\/p>\n<\/p>\n<p class=\"p2\">6. Si la livraison ne peut avoir lieu pour des raisons qui ne nous sont pas imputables apr\u00e8s trente jours \u00e0 compter de la date \u00e0 laquelle la commande est disponible pour la livraison, nous consid\u00e9rons que nous r\u00e9silions le contrat.<\/p>\n<\/p>\n<p class=\"p2\">7. En cons\u00e9quence de la r\u00e9siliation, les montants seront restitu\u00e9s, y compris les frais de livraison \u00e0 l&rsquo;exclusion de tous frais suppl\u00e9mentaires r\u00e9sultant du choix d&rsquo;un mode de livraison autre que le mode ordinaire propos\u00e9, sans retard excessif et, en tout \u00e9tat de cause, dans un d\u00e9lai de 30 jours \u00e0 compter de la date de r\u00e9siliation du contrat. Le transport r\u00e9sultant de la r\u00e9siliation du contrat peut entra\u00eener des frais suppl\u00e9mentaires qui sont \u00e0 la charge de l&rsquo;acheteur. <\/p>\n<\/p>\n<p class=\"p2\">8. Les frais d&rsquo;exp\u00e9dition sont \u00e0 la charge de l&rsquo;acheteur et sont explicitement mis en \u00e9vidence lors de la passation de la commande.  <span class=\"s1\"><i>4\/7<\/i><\/span><\/p>\n<\/p>\n<p class=\"p2\"><b>Article 9 &#8211; Transfert de risque<\/b><\/p>\n<\/p>\n<p class=\"p2\">1. Les risques li\u00e9s aux produits sont transf\u00e9r\u00e9s \u00e0 l&rsquo;acheteur \u00e0 partir du moment de la livraison. La propri\u00e9t\u00e9 des produits est r\u00e9put\u00e9e acquise au moment du paiement int\u00e9gral de toutes les sommes dues \u00e0 ce titre, y compris les frais d&rsquo;exp\u00e9dition, ou au moment de la livraison, si celle-ci intervient plus tard. <\/p>\n<\/p>\n<p class=\"p2\"><b>Article 10 &#8211; Garantie et conformit\u00e9 commerciale<\/b><\/p>\n<\/p>\n<p class=\"p2\">1. Le vendeur est responsable de tout d\u00e9faut des produits propos\u00e9s sur le site, y compris de la non-conformit\u00e9 des articles aux produits command\u00e9s, conform\u00e9ment aux dispositions de la loi italienne.<\/p>\n<\/p>\n<p class=\"p2\">2. Si l&rsquo;acheteur a conclu le contrat en tant que consommateur, c&rsquo;est-\u00e0-dire toute personne physique agissant sur le site \u00e0 des fins qui n&rsquo;entrent pas dans le cadre de son activit\u00e9 professionnelle, cette garantie est valable \u00e0 condition que le d\u00e9faut se manifeste dans un d\u00e9lai de 24 mois \u00e0 compter de la date de livraison des produits ; que l&rsquo;acheteur introduise une r\u00e9clamation formelle concernant le d\u00e9faut dans un d\u00e9lai d&rsquo;un mois \u00e0 compter de la date de livraison des produits ; que l&rsquo;acheteur introduise une r\u00e9clamation formelle concernant le d\u00e9faut dans un d\u00e9lai d&rsquo;un mois \u00e0 compter de la date de livraison des produits.<\/p>\n<p class=\"p2\">maximum de 2 mois \u00e0 compter de la date \u00e0 laquelle le d\u00e9faut a \u00e9t\u00e9 reconnu par ce dernier ; que le formulaire de retour en ligne est correctement rempli.<\/p>\n<\/p>\n<p class=\"p2\">3. En cas de non-conformit\u00e9, l&rsquo;utilisateur qui a conclu le contrat en tant que consommateur a le droit d&rsquo;obtenir le r\u00e9tablissement gratuit de la conformit\u00e9 des produits, par voie de r\u00e9paration ou de remplacement, ou d&rsquo;obtenir une r\u00e9duction appropri\u00e9e du prix ou la r\u00e9solution du contrat en ce qui concerne les biens litigieux et le remboursement du prix qui en d\u00e9coule.<\/p>\n<\/p>\n<p class=\"p2\">4. Tous les frais de retour des produits d\u00e9fectueux sont \u00e0 la charge du vendeur.<\/p>\n<\/p>\n<p class=\"p2\"><b>Article 11 &#8211; Retrait<\/b><\/p>\n<\/p>\n<p class=\"p2\">1. Conform\u00e9ment aux dispositions l\u00e9gales en vigueur, l&rsquo;acheteur a le droit de renoncer \u00e0 l&rsquo;achat, sans p\u00e9nalit\u00e9 et sans indication de motif, dans le d\u00e9lai de 14 jours pr\u00e9vu \u00e0 l&rsquo;article 57 du d\u00e9cret l\u00e9gislatif 206\/2005, \u00e0 compter de la date de r\u00e9ception de l&rsquo;avis d&rsquo;achat. <\/p>\n<p class=\"p2\">produits.<\/p>\n<p class=\"p2\">2. En cas d&rsquo;achats multiples effectu\u00e9s par l&rsquo;acheteur en une seule commande et livr\u00e9s s\u00e9par\u00e9ment, le d\u00e9lai de 30 jours court \u00e0 compter de la date de r\u00e9ception<\/p>\n<p class=\"p2\">du dernier produit.<\/p>\n<\/p>\n<p class=\"p2\">3. L&rsquo;utilisateur qui a l&rsquo;intention d&rsquo;exercer son droit de r\u00e9tractation en informe Shop on line par une d\u00e9claration explicite, qui peut \u00eatre envoy\u00e9e par <span class=\"s1\"><i>5\/7<\/i><\/span>lettre recommand\u00e9e avec accus\u00e9 de r\u00e9ception \u00e0 l&rsquo;adresse<\/p>\n<p class=\"p2\"><strong>Riondet sas di Udali Ivano &amp; C<\/strong><\/p>\n<p class=\"p2\"><strong>SS Piccolo San Bernardo, 4 &#8211; 11016 La Thuile (AO)<\/strong><\/p>\n<\/p>\n<p class=\"p2\">4. L&rsquo;acheteur doit \u00e9galement exercer le droit de r\u00e9tractation en envoyant toute d\u00e9claration expresse contenant la d\u00e9cision de se r\u00e9tracter du contrat ou alternativement en envoyant le formulaire de r\u00e9tractation standard, comme indiqu\u00e9 \u00e0 l&rsquo;annexe I, partie B, d\u00e9cret l\u00e9gislatif 21\/2014, qui n&rsquo;est pas obligatoire.<\/p>\n<\/p>\n<p class=\"p2\">5. Les marchandises doivent \u00eatre renvoy\u00e9es \u00e0<\/p>\n<p class=\"p2\"><strong>Riondet sas di Udali Ivano &amp; C<\/strong><\/p>\n<p class=\"p2\"><strong>SS Piccolo San Bernardo, 4 &#8211; 11016 La Thuile (AO)<\/strong><\/p>\n<\/p>\n<p class=\"p2\">6. Les marchandises doivent \u00eatre retourn\u00e9es intactes, dans leur emballage d&rsquo;origine, compl\u00e8tes dans toutes leurs parties et accompagn\u00e9es de la documentation fiscale jointe. Sans pr\u00e9judice du droit de v\u00e9rifier le respect de ce qui pr\u00e9c\u00e8de, le site remboursera le montant des produits faisant l&rsquo;objet de la r\u00e9tractation dans un d\u00e9lai maximum de 14 jours les frais d&rsquo;exp\u00e9dition encourus par l&rsquo;utilisateur. <\/p>\n<\/p>\n<p class=\"p2\">7. Les frais de retour sont \u00e0 la charge de l&rsquo;utilisateur.<\/p>\n<\/p>\n<p class=\"p2\">8. Comme le pr\u00e9voit l&rsquo;article 56, paragraphe 3, du d\u00e9cret l\u00e9gislatif n\u00b0 206\/2005, tel que modifi\u00e9 par le d\u00e9cret l\u00e9gislatif n\u00b0 21\/2014, le site peut suspendre le remboursement jusqu&rsquo;\u00e0 la r\u00e9ception des marchandises ou jusqu&rsquo;\u00e0 ce que l&rsquo;acheteur prouve qu&rsquo;il a renvoy\u00e9 les marchandises. <\/p>\n<\/p>\n<p class=\"p2\">9. Le droit de r\u00e9tractation ne s&rsquo;applique pas si les services et produits de Shop on line sont inclus dans les cat\u00e9gories de l&rsquo;article 59 du d\u00e9cret l\u00e9gislatif 206\/2005. <\/p>\n<\/p>\n<p class=\"p2\">10. Le site effectuera le remboursement en utilisant le m\u00eame moyen de paiement que celui choisi par l&rsquo;acheteur au moment de l&rsquo;achat. En cas de paiement par virement bancaire, et si l&rsquo;utilisateur entend exercer son droit de r\u00e9tractation, il devra fournir les coordonn\u00e9es bancaires : IBAN, SWIFT et BIC n\u00e9cessaires \u00e0 l&rsquo;ex\u00e9cution du remboursement. <\/p>\n<\/p>\n<p class=\"p2\"><b>Article 12 &#8211; Traitement des donn\u00e9es<\/b><\/p>\n<p class=\"p2\">1. Les donn\u00e9es de l&rsquo;acheteur sont trait\u00e9es conform\u00e9ment aux dispositions de la l\u00e9gislation sur la protection des donn\u00e9es \u00e0 caract\u00e8re personnel, comme sp\u00e9cifi\u00e9 dans la section contenant les informations conform\u00e9ment \u00e0 l&rsquo;article 13 R\u00e8glement UE 2016\/679 (Politique de confidentialit\u00e9). <\/p>\n<\/p>\n<p class=\"p2\"><b>Art. 13 &#8211; Clause de sauvegarde<\/b><\/p>\n<p class=\"p2\">1. La nullit\u00e9 de l&rsquo;une des dispositions des pr\u00e9sentes conditions g\u00e9n\u00e9rales de vente, pour quelque raison que ce soit, n&rsquo;affecte en rien la validit\u00e9 et le respect des autres dispositions des pr\u00e9sentes conditions g\u00e9n\u00e9rales de vente.<\/p>\n<\/p>\n<p class=\"p2\"><b>Article 14 &#8211; Contacts<\/b><\/p>\n<p class=\"p2\">1. Toutes les demandes de renseignements peuvent \u00eatre envoy\u00e9es par courrier \u00e9lectronique \u00e0 info@loriondet.it, par t\u00e9l\u00e9phone au 342.1051087, et par courrier \u00e0 l&rsquo;adresse suivante :<\/p>\n<p class=\"p2\"><strong>Riondet sas di Udali Ivano &amp; C<\/strong><\/p>\n<p class=\"p2\"><strong>SS Piccolo San Bernardo, 4 &#8211; 11016 La Thuile (AO)<\/strong><\/p>\n<\/p>\n<p class=\"p2\"><b>Art. 15 &#8211; Droit applicable et juridiction<\/b><\/p>\n<p class=\"p2\">1. Les pr\u00e9sentes conditions g\u00e9n\u00e9rales de vente sont r\u00e9gies et interpr\u00e9t\u00e9es conform\u00e9ment aux lois italiennes, sans pr\u00e9judice de toute autre r\u00e8gle imp\u00e9rative du pays de r\u00e9sidence habituelle de l&rsquo;acheteur. En cons\u00e9quence, l&rsquo;interpr\u00e9tation, l&rsquo;ex\u00e9cution et la r\u00e9siliation des conditions g\u00e9n\u00e9rales de vente sont soumises exclusivement au droit italien. <\/p>\n<\/p>\n<p class=\"p2\">2. Tous les litiges d\u00e9coulant de et\/ou en rapport avec les pr\u00e9sentes conditions d&rsquo;utilisation seront r\u00e9gl\u00e9s exclusivement par les tribunaux italiens. En particulier, si l&rsquo;utilisateur a la qualit\u00e9 de consommateur, les litiges \u00e9ventuels seront r\u00e9gl\u00e9s par le tribunal du lieu de domicile ou de r\u00e9sidence de l&rsquo;utilisateur, conform\u00e9ment \u00e0 la loi applicable. <\/p>\n<p class=\"p2\"><strong>Ces conditions ont \u00e9t\u00e9 \u00e9tablies le 30\/01\/2023.<\/strong><\/p>\n\t\t\t\t\t\t\t\t<\/div>\n\t\t\t\t<\/div>\n\t\t\t\t\t<\/div>\n\t\t\t\t<\/div>\n\t\t\t\t<\/div>\n\t\t","protected":false},"excerpt":{"rendered":"<p>Conditions g\u00e9n\u00e9rales de vente Art. 1 &#8211; Dispositions g\u00e9n\u00e9rales 1. En naviguant dans cet espace, l&rsquo;utilisateur acc\u00e8de \u00e0 Shop on line, accessible via l&rsquo;url : https:\/\/www.loriondet.it\/shop. La navigation et la passation d&rsquo;une commande de l&rsquo;achat sur le site implique l&rsquo;acceptation des conditions et des politiques de protection des donn\u00e9es adopt\u00e9es par le site, telles qu&rsquo;elles [&hellip;]<\/p>\n","protected":false},"author":1,"featured_media":0,"parent":0,"menu_order":0,"comment_status":"closed","ping_status":"closed","template":"","meta":{"footnotes":""},"class_list":["post-13924","page","type-page","status-publish","hentry"],"_links":{"self":[{"href":"https:\/\/www.loriondet.it\/fr\/wp-json\/wp\/v2\/pages\/13924","targetHints":{"allow":["GET"]}}],"collection":[{"href":"https:\/\/www.loriondet.it\/fr\/wp-json\/wp\/v2\/pages"}],"about":[{"href":"https:\/\/www.loriondet.it\/fr\/wp-json\/wp\/v2\/types\/page"}],"author":[{"embeddable":true,"href":"https:\/\/www.loriondet.it\/fr\/wp-json\/wp\/v2\/users\/1"}],"replies":[{"embeddable":true,"href":"https:\/\/www.loriondet.it\/fr\/wp-json\/wp\/v2\/comments?post=13924"}],"version-history":[{"count":0,"href":"https:\/\/www.loriondet.it\/fr\/wp-json\/wp\/v2\/pages\/13924\/revisions"}],"wp:attachment":[{"href":"https:\/\/www.loriondet.it\/fr\/wp-json\/wp\/v2\/media?parent=13924"}],"curies":[{"name":"wp","href":"https:\/\/api.w.org\/{rel}","templated":true}]}}