{"id":13963,"date":"2024-10-24T02:16:06","date_gmt":"2024-10-24T00:16:06","guid":{"rendered":"https:\/\/www.loriondet.it\/retours-et-remboursements\/"},"modified":"2024-10-24T02:37:31","modified_gmt":"2024-10-24T00:37:31","slug":"retours-et-remboursements","status":"publish","type":"page","link":"https:\/\/www.loriondet.it\/fr\/retours-et-remboursements\/","title":{"rendered":"Retours et remboursements"},"content":{"rendered":"\t\t<div data-elementor-type=\"wp-page\" data-elementor-id=\"13963\" class=\"elementor elementor-13963 elementor-13944\">\n\t\t\t\t<div class=\"elementor-element elementor-element-f5f97cd e-flex e-con-boxed e-con e-parent\" data-id=\"f5f97cd\" data-element_type=\"container\">\n\t\t\t\t\t<div class=\"e-con-inner\">\n\t\t\t\t<div class=\"elementor-element elementor-element-b218f48 elementor-widget elementor-widget-text-editor\" data-id=\"b218f48\" data-element_type=\"widget\" data-widget_type=\"text-editor.default\">\n\t\t\t\t<div class=\"elementor-widget-container\">\n\t\t\t\t\t\t\t\t\t<\/p>\n<p class=\"p2\"><b>Article 11 &#8211; Retrait<\/b><\/p>\n<\/p>\n<p class=\"p2\">1. Conform\u00e9ment aux dispositions l\u00e9gales en vigueur, l&rsquo;acheteur a le droit de renoncer \u00e0 l&rsquo;achat, sans p\u00e9nalit\u00e9 et sans indication de motif, dans le d\u00e9lai de 14 jours pr\u00e9vu \u00e0 l&rsquo;article 57 du d\u00e9cret l\u00e9gislatif 206\/2005, \u00e0 compter de la date de r\u00e9ception de l&rsquo;avis d&rsquo;achat. <\/p>\n<p class=\"p2\">produits.<\/p>\n<p class=\"p2\">2. En cas d&rsquo;achats multiples effectu\u00e9s par l&rsquo;acheteur en une seule commande et livr\u00e9s s\u00e9par\u00e9ment, le d\u00e9lai de 30 jours court \u00e0 partir de la date de r\u00e9ception<\/p>\n<p class=\"p2\">du dernier produit.<\/p>\n<\/p>\n<p class=\"p2\">3. L&rsquo;utilisateur qui a l&rsquo;intention d&rsquo;exercer son droit de r\u00e9tractation en informe Shop on line par une d\u00e9claration explicite, qui peut \u00eatre envoy\u00e9e par <span class=\"s1\"><i>5\/7<\/i><\/span>lettre recommand\u00e9e avec accus\u00e9 de r\u00e9ception \u00e0 l&rsquo;adresse<\/p>\n<p class=\"p2\"><strong>Riondet sas di Udali Ivano &amp; C<\/strong><\/p>\n<p class=\"p2\"><strong>SS Piccolo San Bernardo, 4 &#8211; 11016 La Thuile (AO)<\/strong><\/p>\n<\/p>\n<p class=\"p2\">4. L&rsquo;acheteur doit \u00e9galement exercer le droit de r\u00e9tractation en envoyant toute d\u00e9claration expresse contenant la d\u00e9cision de se r\u00e9tracter du contrat ou alternativement en envoyant le formulaire de r\u00e9tractation standard, comme indiqu\u00e9 \u00e0 l&rsquo;annexe I, partie B, d\u00e9cret l\u00e9gislatif 21\/2014, qui n&rsquo;est pas obligatoire.<\/p>\n<\/p>\n<p class=\"p2\">5. Les marchandises doivent \u00eatre renvoy\u00e9es \u00e0<\/p>\n<p class=\"p2\"><strong>Riondet sas di Udali Ivano &amp; C<\/strong><\/p>\n<p class=\"p2\"><strong>SS Piccolo San Bernardo, 4 &#8211; 11016 La Thuile (AO)<\/strong><\/p>\n<\/p>\n<p class=\"p2\">6. Les marchandises doivent \u00eatre retourn\u00e9es intactes, dans leur emballage d&rsquo;origine, compl\u00e8tes dans toutes leurs parties et accompagn\u00e9es de la documentation fiscale jointe. Sans pr\u00e9judice du droit de v\u00e9rifier le respect de ce qui pr\u00e9c\u00e8de, le site remboursera le montant des produits faisant l&rsquo;objet de la r\u00e9tractation dans un d\u00e9lai maximum de 14 jours les frais d&rsquo;exp\u00e9dition encourus par l&rsquo;utilisateur. <\/p>\n<\/p>\n<p class=\"p2\">7. Les frais de retour sont \u00e0 la charge de l&rsquo;utilisateur.<\/p>\n<\/p>\n<p class=\"p2\">8. Comme le pr\u00e9voit l&rsquo;article 56, paragraphe 3, du d\u00e9cret l\u00e9gislatif n\u00b0 206\/2005, tel que modifi\u00e9 par le d\u00e9cret l\u00e9gislatif n\u00b0 21\/2014, le site peut suspendre le remboursement jusqu&rsquo;\u00e0 la r\u00e9ception des marchandises ou jusqu&rsquo;\u00e0 ce que l&rsquo;acheteur prouve qu&rsquo;il a renvoy\u00e9 les marchandises. <\/p>\n<\/p>\n<p class=\"p2\">9. Le droit de r\u00e9tractation ne s&rsquo;applique pas si les services et produits de Shop on line sont inclus dans les cat\u00e9gories de l&rsquo;article 59 du d\u00e9cret l\u00e9gislatif 206\/2005. <\/p>\n<\/p>\n<p class=\"p2\">10. Le site effectuera le remboursement en utilisant le m\u00eame moyen de paiement que celui choisi par l&rsquo;acheteur au moment de l&rsquo;achat. En cas de paiement par virement bancaire, et si l&rsquo;utilisateur entend exercer son droit de r\u00e9tractation, il devra fournir les coordonn\u00e9es bancaires : IBAN, SWIFT et BIC n\u00e9cessaires \u00e0 l&rsquo;ex\u00e9cution du remboursement. <\/p>\n\t\t\t\t\t\t\t\t<\/div>\n\t\t\t\t<\/div>\n\t\t\t\t\t<\/div>\n\t\t\t\t<\/div>\n\t\t\t\t<\/div>\n\t\t","protected":false},"excerpt":{"rendered":"<p>Article 11 &#8211; Retrait 1. Conform\u00e9ment aux dispositions l\u00e9gales en vigueur, l&rsquo;acheteur a le droit de renoncer \u00e0 l&rsquo;achat, sans p\u00e9nalit\u00e9 et sans indication de motif, dans le d\u00e9lai de 14 jours pr\u00e9vu \u00e0 l&rsquo;article 57 du d\u00e9cret l\u00e9gislatif 206\/2005, \u00e0 compter de la date de r\u00e9ception de l&rsquo;avis d&rsquo;achat. produits. 2. En cas d&rsquo;achats [&hellip;]<\/p>\n","protected":false},"author":1,"featured_media":0,"parent":0,"menu_order":0,"comment_status":"closed","ping_status":"closed","template":"","meta":{"footnotes":""},"class_list":["post-13963","page","type-page","status-publish","hentry"],"_links":{"self":[{"href":"https:\/\/www.loriondet.it\/fr\/wp-json\/wp\/v2\/pages\/13963","targetHints":{"allow":["GET"]}}],"collection":[{"href":"https:\/\/www.loriondet.it\/fr\/wp-json\/wp\/v2\/pages"}],"about":[{"href":"https:\/\/www.loriondet.it\/fr\/wp-json\/wp\/v2\/types\/page"}],"author":[{"embeddable":true,"href":"https:\/\/www.loriondet.it\/fr\/wp-json\/wp\/v2\/users\/1"}],"replies":[{"embeddable":true,"href":"https:\/\/www.loriondet.it\/fr\/wp-json\/wp\/v2\/comments?post=13963"}],"version-history":[{"count":0,"href":"https:\/\/www.loriondet.it\/fr\/wp-json\/wp\/v2\/pages\/13963\/revisions"}],"wp:attachment":[{"href":"https:\/\/www.loriondet.it\/fr\/wp-json\/wp\/v2\/media?parent=13963"}],"curies":[{"name":"wp","href":"https:\/\/api.w.org\/{rel}","templated":true}]}}