{"id":13975,"date":"2024-09-19T15:46:50","date_gmt":"2024-09-19T13:46:50","guid":{"rendered":"https:\/\/www.loriondet.it\/prodotto\/diffuseur-dambiance\/"},"modified":"2024-09-19T15:46:50","modified_gmt":"2024-09-19T13:46:50","slug":"diffuseur-dambiance","status":"publish","type":"product","link":"https:\/\/www.loriondet.it\/fr\/prodotto\/diffuseur-dambiance\/","title":{"rendered":"Diffuseur d&rsquo;ambiance"},"content":{"rendered":"<p>Ce produit, compos\u00e9 d&rsquo;\u00e9l\u00e9ments naturels, est un excellent d\u00e9sodorisant. Disponible en paquets de 100\/250\/1000 ml. <\/p>\n","protected":false},"excerpt":{"rendered":"<p>C<strong>omposition\/caract\u00e9ristiques<\/strong> Rose musqu\u00e9e, nigra nigra, thym sauvage, gentiane, arole, arquebuse, notes herbac\u00e9es, notes de romarin, fleurs blanches, musc, notes bois\u00e9es.<strong>Marque<\/strong> Alpine Cosmetics.<strong>Type de<\/strong><strong>produit<\/strong> Cosm\u00e9tique.<\/p>\n","protected":false},"featured_media":13818,"template":"","meta":[],"product_brand":[],"product_cat":[126],"product_tag":[],"class_list":{"0":"post-13975","1":"product","2":"type-product","3":"status-publish","4":"has-post-thumbnail","6":"product_cat-cosmetiques","8":"first","9":"instock","10":"purchasable","11":"product-type-variable"},"_links":{"self":[{"href":"https:\/\/www.loriondet.it\/fr\/wp-json\/wp\/v2\/product\/13975","targetHints":{"allow":["GET"]}}],"collection":[{"href":"https:\/\/www.loriondet.it\/fr\/wp-json\/wp\/v2\/product"}],"about":[{"href":"https:\/\/www.loriondet.it\/fr\/wp-json\/wp\/v2\/types\/product"}],"wp:featuredmedia":[{"embeddable":true,"href":"https:\/\/www.loriondet.it\/fr\/wp-json\/wp\/v2\/media\/13818"}],"wp:attachment":[{"href":"https:\/\/www.loriondet.it\/fr\/wp-json\/wp\/v2\/media?parent=13975"}],"wp:term":[{"taxonomy":"product_brand","embeddable":true,"href":"https:\/\/www.loriondet.it\/fr\/wp-json\/wp\/v2\/product_brand?post=13975"},{"taxonomy":"product_cat","embeddable":true,"href":"https:\/\/www.loriondet.it\/fr\/wp-json\/wp\/v2\/product_cat?post=13975"},{"taxonomy":"product_tag","embeddable":true,"href":"https:\/\/www.loriondet.it\/fr\/wp-json\/wp\/v2\/product_tag?post=13975"}],"curies":[{"name":"wp","href":"https:\/\/api.w.org\/{rel}","templated":true}]}}