{"id":14000,"date":"2024-10-21T19:38:30","date_gmt":"2024-10-21T17:38:30","guid":{"rendered":"https:\/\/www.loriondet.it\/prodotto\/reservez-votre-reveillon-au-chalet\/"},"modified":"2025-12-24T14:08:40","modified_gmt":"2025-12-24T13:08:40","slug":"reservez-votre-reveillon-au-chalet","status":"publish","type":"product","link":"https:\/\/www.loriondet.it\/fr\/prodotto\/reservez-votre-reveillon-au-chalet\/","title":{"rendered":"R\u00e9servez votre r\u00e9veillon du Nouvel An au chalet ici &#8211; 250 \u20ac par personne hors boissons R\u00c9SERVATION MINIMALE 3 PERSONNES"},"content":{"rendered":"<div>Le r\u00e9veillon du Nouvel An au refuge Lo Riondet vous permettra de passer une soir\u00e9e dans un chalet situ\u00e9 \u00e0 1850 m\u00e8tres d&rsquo;altitude, parmi les plus hauts sommets d&rsquo;Europe, dans la station de ski de la Thuile, dans une ambiance chaleureuse et accueillante, dans la plus pure tradition montagnarde.<\/div>\n<div> Vous atteindrez la Baita avec nos snowcats. Le menu, propos\u00e9 depuis 50 ans, est d\u00e9lib\u00e9r\u00e9ment rustique et traditionnel, riche et abondant. <\/div>\n<div>Le menu d\u00e9taill\u00e9, si vous d\u00e9cidez de faire une r\u00e9servation, sera annonc\u00e9 d\u00e9but d\u00e9cembre.<\/div>\n<div><\/div>\n<div><strong>Le co\u00fbt est de 250 euros par personne (pour cette soir\u00e9e particuli\u00e8re, le prix sera \u00e9galement le m\u00eame pour les enfants).<\/strong><\/div>\n<div><\/div>\n<div>L&rsquo;exp\u00e9rience comprend<\/div>\n<div>Transport avec notre snowcat aller-retour.<\/div>\n<div>-La mise \u00e0 disposition de torches LED pour ceux qui d\u00e9cident de descendre \u00e0 pied ou \u00e0 ski dans la procession aux flambeaux.<\/div>\n<div>-Ap\u00e9ritif au vin blanc chaud sous les \u00e9toiles avec hu\u00eetres et crudit\u00e9s de poisson<\/div>\n<div>-Le menu du r\u00e9veillon<\/div>\n<div>-Leonia Champagne Brut Ros\u00e9 en verre pour le toast de minuit<\/div>\n<div>-Feux d&rsquo;artifice et pi\u00e8ces de g\u00eete<\/div>\n<div><\/div>\n<div><strong>  Les vins et les boissons sont exclus<\/strong><\/div>\n<div><\/div>\n<div><strong>R\u00c9SERVATION MINIMUM DE 3 PERSONNES<\/strong><\/div>\n","protected":false},"excerpt":{"rendered":"<div>Le r\u00e9veillon du Nouvel An au refuge Lo Riondet vous permettra de passer une soir\u00e9e dans un chalet situ\u00e9 \u00e0 1850 m\u00e8tres d&rsquo;altitude, parmi les plus hauts sommets d&rsquo;Europe, dans la station de ski de la Thuile, dans une ambiance chaleureuse et accueillante, dans la plus pure tradition montagnarde.<\/div>\n<div> Vous atteindrez la Baita avec nos snowcats. Le menu, propos\u00e9 depuis 50 ans, est d\u00e9lib\u00e9r\u00e9ment rustique et traditionnel, riche et abondant. <\/div>\n<div>Le menu d\u00e9taill\u00e9, si vous d\u00e9cidez de faire une r\u00e9servation, sera annonc\u00e9 d\u00e9but d\u00e9cembre.<\/div>\n<div><\/div>\n<div><strong>Le co\u00fbt est de 250 euros par personne (pour cette soir\u00e9e particuli\u00e8re, le prix sera \u00e9galement le m\u00eame pour les enfants).<\/strong><\/div>\n<div><\/div>\n<div>L&rsquo;exp\u00e9rience comprend<\/div>\n<div>Transport avec notre snowcat aller-retour.<\/div>\n<div>-La mise \u00e0 disposition de torches LED pour ceux qui d\u00e9cident de descendre \u00e0 pied ou \u00e0 ski dans la procession aux flambeaux.<\/div>\n<div>-Ap\u00e9ritif au vin blanc chaud sous les \u00e9toiles avec hu\u00eetres et crudit\u00e9s de poisson<\/div>\n<div>-Le menu du r\u00e9veillon<\/div>\n<div>-Leonia Champagne Brut Ros\u00e9 en verre pour le toast de minuit<\/div>\n<div>-Feux d&rsquo;artifice et pi\u00e8ces de g\u00eete<\/div>\n<div><\/div>\n<div><strong>  Les vins et les boissons sont exclus<\/strong><\/div>\n<div><strong>R\u00c9SERVATION MINIMUM DE 3 PERSONNES<\/strong><\/div>\n","protected":false},"featured_media":13682,"template":"","meta":[],"product_brand":[],"product_cat":[129],"product_tag":[],"class_list":{"0":"post-14000","1":"product","2":"type-product","3":"status-publish","4":"has-post-thumbnail","6":"product_cat-nouvel-an","8":"first","9":"instock","10":"featured","11":"purchasable","12":"product-type-variable"},"_links":{"self":[{"href":"https:\/\/www.loriondet.it\/fr\/wp-json\/wp\/v2\/product\/14000","targetHints":{"allow":["GET"]}}],"collection":[{"href":"https:\/\/www.loriondet.it\/fr\/wp-json\/wp\/v2\/product"}],"about":[{"href":"https:\/\/www.loriondet.it\/fr\/wp-json\/wp\/v2\/types\/product"}],"wp:featuredmedia":[{"embeddable":true,"href":"https:\/\/www.loriondet.it\/fr\/wp-json\/wp\/v2\/media\/13682"}],"wp:attachment":[{"href":"https:\/\/www.loriondet.it\/fr\/wp-json\/wp\/v2\/media?parent=14000"}],"wp:term":[{"taxonomy":"product_brand","embeddable":true,"href":"https:\/\/www.loriondet.it\/fr\/wp-json\/wp\/v2\/product_brand?post=14000"},{"taxonomy":"product_cat","embeddable":true,"href":"https:\/\/www.loriondet.it\/fr\/wp-json\/wp\/v2\/product_cat?post=14000"},{"taxonomy":"product_tag","embeddable":true,"href":"https:\/\/www.loriondet.it\/fr\/wp-json\/wp\/v2\/product_tag?post=14000"}],"curies":[{"name":"wp","href":"https:\/\/api.w.org\/{rel}","templated":true}]}}