{"id":14024,"date":"2024-09-29T13:02:41","date_gmt":"2024-09-29T11:02:41","guid":{"rendered":"https:\/\/www.loriondet.it\/prodotto\/soirees-cabanes-du-samedi-et-des-jours-feries\/"},"modified":"2025-12-17T12:36:40","modified_gmt":"2025-12-17T11:36:40","slug":"soirees-cabanes-du-samedi-et-des-jours-feries","status":"publish","type":"product","link":"https:\/\/www.loriondet.it\/fr\/prodotto\/soirees-cabanes-du-samedi-et-des-jours-feries\/","title":{"rendered":"Soir\u00e9e au chalet les samedis et jours f\u00e9ri\u00e9s &#8211; 120\u20ac par personne hors boissons RESERVATION MINIMALE 3 PERSONNES"},"content":{"rendered":"<div><span style=\"font-size: medium;\"><strong> Soir\u00e9e au chalet<\/strong> \u00e0 un co\u00fbt par personne de <\/span>\u20ac 120.00 les samedis et jours f\u00e9ri\u00e9s<\/div>\n<div><\/div>\n<div><strong><span style=\"font-family: arial; font-size: medium;\">Il comprend  <\/span><\/strong><\/div>\n<div><span style=\"font-family: arial; font-size: medium;\"> <\/span><\/div>\n<div>\n<div><span style=\"font-size: medium;\"><span style=\"font-size: medium;\">&#8211; transport A\/R par nos moyens de transport de\/\u00e0 Pont Serrand (vous devez \u00eatre \u00e0 Pont Serrand 10 minutes avant l&rsquo;heure de r\u00e9servation) ou descente possible \u00e0 pied ou \u00e0 ski en randonn\u00e9e aux flambeaux &#8211; ap\u00e9ritif de bienvenue avec vin chaud sous les \u00e9toiles &#8211; d\u00eener avec un menu typique &#8211; traditionnel, \u00e0 choisir au moment de la r\u00e9servation<\/span><\/span><\/div>\n<div><strong><span style=\"font-size: medium;\">Le vin, la bi\u00e8re et les boissons doivent \u00eatre consid\u00e9r\u00e9s s\u00e9par\u00e9ment. <\/span><\/strong><\/div>\n<div><\/div>\n<div id=\"isPasted\">Les enfants de moins de 12 ans b\u00e9n\u00e9ficient d&rsquo;une r\u00e9duction de 50 %,<\/div>\n<div>tandis que les enfants de moins de 3 ans sont des invit\u00e9s.<\/div>\n<div><\/div>\n<div id=\"isPasted\">L&rsquo;\u00e9v\u00e9nement est conditionn\u00e9 \u00e0 l&rsquo;atteinte du nombre minimum de demandes.<\/div>\n<div>Dans le cas rare de conditions m\u00e9t\u00e9orologiques d\u00e9favorables, et donc d&rsquo;une \u00e9ventuelle fermeture de la route d&rsquo;acc\u00e8s, le Chalet se r\u00e9serve le droit de reporter l&rsquo;\u00e9v\u00e9nement \u00ab\u00a0Serata in Baita\u00a0\u00bb \u00e0 une date ult\u00e9rieure.<\/div>\n<\/div>\n","protected":false},"excerpt":{"rendered":"<p>e point de rencontre se trouve sous la petite \u00e9glise blanche du village de Pont Serrand, \u00e0 La Thuile.<\/p>\n<p>Transport en snowcat, aller-retour ou \u00e9ventuellement descente aux flambeaux.<br \/>\nLes boissons ne sont pas incluses.<\/p>\n<p><strong>LE CHOIX DU MENU EST OBLIGATOIRE ET VALABLE POUR TOUTE LA TABLE<\/strong><\/p>\n<p class=\"p1\"><strong>Adulte : 120 <\/strong><\/p>\n<p class=\"p1\"><strong>Enfant de moins de 12 ans : 60<\/strong><\/p>\n<p class=\"p1\"><strong>Enfant de moins de 3 ans : gratuit<\/strong><\/p>\n<p><strong>Les vins et les boissons sont exclus<\/strong><\/p>\n<p>Nos menus :<\/p>\n<p>La tradizione : <a href=\"https:\/\/www.loriondet.it\/wp-content\/uploads\/2024\/10\/Le-tradizioni.pdf\" target=\"_blank\" rel=\"noopener\">IT<\/a> &#8211; <a href=\"https:\/\/www.loriondet.it\/wp-content\/uploads\/2024\/10\/THE-TRADITIONS.pdf\" target=\"_blank\" rel=\"noopener\">EN<\/a> &#8211; <a href=\"https:\/\/www.loriondet.it\/wp-content\/uploads\/2024\/10\/Le-tradizioni.pdf\" target=\"_blank\" rel=\"noopener\">FR<\/a><\/p>\n<p>Il Vegetariano : <a href=\"https:\/\/www.loriondet.it\/wp-content\/uploads\/2024\/10\/Il-vegetariano.pdf\" target=\"_blank\" rel=\"noopener\">IT<\/a> &#8211; <a href=\"https:\/\/www.loriondet.it\/wp-content\/uploads\/2024\/10\/THE-VEGETARIAN.pdf\" target=\"_blank\" rel=\"noopener\">EN<\/a> &#8211; <a href=\"https:\/\/www.loriondet.it\/wp-content\/uploads\/2024\/10\/LE-VEGETARIEN.pdf\" target=\"_blank\" rel=\"noopener\">FR<\/a><\/p>\n<p>La Cacciagione : <a href=\"https:\/\/www.loriondet.it\/wp-content\/uploads\/2024\/10\/La-cacciagione.pdf\" target=\"_blank\" rel=\"noopener\">IT<\/a> &#8211; <a href=\"https:\/\/www.loriondet.it\/wp-content\/uploads\/2024\/10\/THE-GAME.pdf\" target=\"_blank\" rel=\"noopener\">EN<\/a> &#8211; <a href=\"https:\/\/www.loriondet.it\/wp-content\/uploads\/2024\/10\/LE-GIBIER.pdf\" target=\"_blank\" rel=\"noopener\">FR<\/a><\/p>\n<p>Le Travers de Porcelet : <a href=\"https:\/\/www.loriondet.it\/wp-content\/uploads\/2024\/10\/Le-Travers-de-Porcelet.pdf\" target=\"_blank\" rel=\"noopener\">IT<\/a> &#8211; <a href=\"https:\/\/www.loriondet.it\/wp-content\/uploads\/2024\/10\/TRAVERS-DE-PORCELET_ENG.pdf\" target=\"_blank\" rel=\"noopener\">EN<\/a> &#8211; <a href=\"https:\/\/www.loriondet.it\/wp-content\/uploads\/2024\/10\/TRAVERS-DE-PORCELET_FRA.pdf\" target=\"_blank\" rel=\"noopener\">FR<\/a><\/p>\n<p>La Pasta fresca : <a href=\"https:\/\/www.loriondet.it\/wp-content\/uploads\/2024\/10\/La-pasta-fresca.pdf\" target=\"_blank\" rel=\"noopener\">IT<\/a> &#8211; <a href=\"https:\/\/www.loriondet.it\/wp-content\/uploads\/2024\/10\/THE-FRESH-EGG-PASTA.pdf\" target=\"_blank\" rel=\"noopener\">EN<\/a> &#8211; <a href=\"https:\/\/www.loriondet.it\/wp-content\/uploads\/2024\/10\/LES-PATES-FRAICHES.pdf\" target=\"_blank\" rel=\"noopener\">FR<\/a><\/p>\n","protected":false},"featured_media":13772,"template":"","meta":[],"product_brand":[],"product_cat":[132],"product_tag":[],"class_list":{"0":"post-14024","1":"product","2":"type-product","3":"status-publish","4":"has-post-thumbnail","6":"product_cat-soirees-en-cabane","8":"first","9":"instock","10":"featured","11":"purchasable","12":"product-type-variable"},"_links":{"self":[{"href":"https:\/\/www.loriondet.it\/fr\/wp-json\/wp\/v2\/product\/14024","targetHints":{"allow":["GET"]}}],"collection":[{"href":"https:\/\/www.loriondet.it\/fr\/wp-json\/wp\/v2\/product"}],"about":[{"href":"https:\/\/www.loriondet.it\/fr\/wp-json\/wp\/v2\/types\/product"}],"wp:featuredmedia":[{"embeddable":true,"href":"https:\/\/www.loriondet.it\/fr\/wp-json\/wp\/v2\/media\/13772"}],"wp:attachment":[{"href":"https:\/\/www.loriondet.it\/fr\/wp-json\/wp\/v2\/media?parent=14024"}],"wp:term":[{"taxonomy":"product_brand","embeddable":true,"href":"https:\/\/www.loriondet.it\/fr\/wp-json\/wp\/v2\/product_brand?post=14024"},{"taxonomy":"product_cat","embeddable":true,"href":"https:\/\/www.loriondet.it\/fr\/wp-json\/wp\/v2\/product_cat?post=14024"},{"taxonomy":"product_tag","embeddable":true,"href":"https:\/\/www.loriondet.it\/fr\/wp-json\/wp\/v2\/product_tag?post=14024"}],"curies":[{"name":"wp","href":"https:\/\/api.w.org\/{rel}","templated":true}]}}