{"id":14041,"date":"2024-09-19T15:46:50","date_gmt":"2024-09-19T13:46:50","guid":{"rendered":"https:\/\/www.loriondet.it\/prodotto\/creme-nourrissante-et-protectrice-pour-les-mains-50-ml\/"},"modified":"2024-09-19T15:46:50","modified_gmt":"2024-09-19T13:46:50","slug":"creme-nourrissante-et-protectrice-pour-les-mains-50-ml","status":"publish","type":"product","link":"https:\/\/www.loriondet.it\/fr\/prodotto\/creme-nourrissante-et-protectrice-pour-les-mains-50-ml\/","title":{"rendered":"Cr\u00e8me nourrissante et protectrice pour les mains 50 ml"},"content":{"rendered":"<p>Ce produit naturel \u00e0 appliquer directement sur les mains s\u00e8ches, gerc\u00e9es ou rougies les prot\u00e8ge et les hydrate. Disponible en conditionnement de 50 ml. <\/p>\n","protected":false},"excerpt":{"rendered":"<p>C<strong>omposition\/caract\u00e9ristiques<\/strong> Fleurs de souci, gentiane (racines), gentiane, miel.<strong>Marque<\/strong> Alpine Cosmetics.<strong>Type de<\/strong><strong>produit<\/strong> Cosm\u00e9tique.<\/p>\n","protected":false},"featured_media":13604,"template":"","meta":[],"product_brand":[],"product_cat":[126],"product_tag":[],"class_list":{"0":"post-14041","1":"product","2":"type-product","3":"status-publish","4":"has-post-thumbnail","6":"product_cat-cosmetiques","8":"first","9":"instock","10":"purchasable","11":"product-type-variable"},"_links":{"self":[{"href":"https:\/\/www.loriondet.it\/fr\/wp-json\/wp\/v2\/product\/14041","targetHints":{"allow":["GET"]}}],"collection":[{"href":"https:\/\/www.loriondet.it\/fr\/wp-json\/wp\/v2\/product"}],"about":[{"href":"https:\/\/www.loriondet.it\/fr\/wp-json\/wp\/v2\/types\/product"}],"wp:featuredmedia":[{"embeddable":true,"href":"https:\/\/www.loriondet.it\/fr\/wp-json\/wp\/v2\/media\/13604"}],"wp:attachment":[{"href":"https:\/\/www.loriondet.it\/fr\/wp-json\/wp\/v2\/media?parent=14041"}],"wp:term":[{"taxonomy":"product_brand","embeddable":true,"href":"https:\/\/www.loriondet.it\/fr\/wp-json\/wp\/v2\/product_brand?post=14041"},{"taxonomy":"product_cat","embeddable":true,"href":"https:\/\/www.loriondet.it\/fr\/wp-json\/wp\/v2\/product_cat?post=14041"},{"taxonomy":"product_tag","embeddable":true,"href":"https:\/\/www.loriondet.it\/fr\/wp-json\/wp\/v2\/product_tag?post=14041"}],"curies":[{"name":"wp","href":"https:\/\/api.w.org\/{rel}","templated":true}]}}