{"id":14043,"date":"2024-09-19T15:46:50","date_gmt":"2024-09-19T13:46:50","guid":{"rendered":"https:\/\/www.loriondet.it\/prodotto\/eau-parfumee-pour-le-corps-50-ml\/"},"modified":"2024-09-19T15:46:50","modified_gmt":"2024-09-19T13:46:50","slug":"eau-parfumee-pour-le-corps-50-ml","status":"publish","type":"product","link":"https:\/\/www.loriondet.it\/fr\/prodotto\/eau-parfumee-pour-le-corps-50-ml\/","title":{"rendered":"Eau parfum\u00e9e pour le corps 50 ml"},"content":{"rendered":"<p>Ce produit, compos\u00e9 essentiellement d&rsquo;\u00e9l\u00e9ments naturels, peut \u00eatre appliqu\u00e9 sur le corps et les tissus. Il ne tache pas lors de l&rsquo;exposition au soleil. Il parfume et hydrate.  <\/p>\n","protected":false},"excerpt":{"rendered":"<p>C<strong>omposition\/caract\u00e9ristiques<\/strong> Les fleurs des La Thuile : Eglantier, Arolla (pomme de pin), Arquebuse (pomme de pin), Nigritella nigra, Thym sauvage, Genepi.<strong>Marque<\/strong> Alpine Cosmetics.<strong>Type de<\/strong><strong>produit<\/strong> Cosm\u00e9tique.<\/p>\n","protected":false},"featured_media":13606,"template":"","meta":[],"product_brand":[],"product_cat":[126],"product_tag":[],"class_list":{"0":"post-14043","1":"product","2":"type-product","3":"status-publish","4":"has-post-thumbnail","6":"product_cat-cosmetiques","8":"first","9":"instock","10":"purchasable","11":"product-type-simple"},"_links":{"self":[{"href":"https:\/\/www.loriondet.it\/fr\/wp-json\/wp\/v2\/product\/14043","targetHints":{"allow":["GET"]}}],"collection":[{"href":"https:\/\/www.loriondet.it\/fr\/wp-json\/wp\/v2\/product"}],"about":[{"href":"https:\/\/www.loriondet.it\/fr\/wp-json\/wp\/v2\/types\/product"}],"wp:featuredmedia":[{"embeddable":true,"href":"https:\/\/www.loriondet.it\/fr\/wp-json\/wp\/v2\/media\/13606"}],"wp:attachment":[{"href":"https:\/\/www.loriondet.it\/fr\/wp-json\/wp\/v2\/media?parent=14043"}],"wp:term":[{"taxonomy":"product_brand","embeddable":true,"href":"https:\/\/www.loriondet.it\/fr\/wp-json\/wp\/v2\/product_brand?post=14043"},{"taxonomy":"product_cat","embeddable":true,"href":"https:\/\/www.loriondet.it\/fr\/wp-json\/wp\/v2\/product_cat?post=14043"},{"taxonomy":"product_tag","embeddable":true,"href":"https:\/\/www.loriondet.it\/fr\/wp-json\/wp\/v2\/product_tag?post=14043"}],"curies":[{"name":"wp","href":"https:\/\/api.w.org\/{rel}","templated":true}]}}