{"id":14061,"date":"2024-09-19T15:46:50","date_gmt":"2024-09-19T13:46:50","guid":{"rendered":"https:\/\/www.loriondet.it\/prodotto\/recharge-pour-diffuseur-dambiance-200-ml\/"},"modified":"2024-09-19T15:46:50","modified_gmt":"2024-09-19T13:46:50","slug":"recharge-pour-diffuseur-dambiance-200-ml","status":"publish","type":"product","link":"https:\/\/www.loriondet.it\/fr\/prodotto\/recharge-pour-diffuseur-dambiance-200-ml\/","title":{"rendered":"Recharge pour diffuseur d&rsquo;ambiance 200 ml"},"content":{"rendered":"<p>Un parfum exclusif \u00e0 base de fleurs et de plantes de La Thuile<\/p>\n","protected":false},"excerpt":{"rendered":"<p>Cynorrhodon : chaud, \u00e9th\u00e9r\u00e9 et hypnotisant ; Nigritella nigra : vanill\u00e9 et enveloppant ; Thym sauvage : aromatique ; Genep\u00ec : intense et persistant ; Arolla (pommes de pin) : frais et bois\u00e9 ; Arquebuse (balsamique et intense). Des notes herbac\u00e9es, de romarin, de fleurs blanches, de musc et bois\u00e9es sont \u00e9galement accompagn\u00e9es.<\/p>\n","protected":false},"featured_media":13614,"template":"","meta":[],"product_brand":[],"product_cat":[126],"product_tag":[],"class_list":{"0":"post-14061","1":"product","2":"type-product","3":"status-publish","4":"has-post-thumbnail","6":"product_cat-cosmetiques","8":"first","9":"instock","10":"purchasable","11":"product-type-simple"},"_links":{"self":[{"href":"https:\/\/www.loriondet.it\/fr\/wp-json\/wp\/v2\/product\/14061","targetHints":{"allow":["GET"]}}],"collection":[{"href":"https:\/\/www.loriondet.it\/fr\/wp-json\/wp\/v2\/product"}],"about":[{"href":"https:\/\/www.loriondet.it\/fr\/wp-json\/wp\/v2\/types\/product"}],"wp:featuredmedia":[{"embeddable":true,"href":"https:\/\/www.loriondet.it\/fr\/wp-json\/wp\/v2\/media\/13614"}],"wp:attachment":[{"href":"https:\/\/www.loriondet.it\/fr\/wp-json\/wp\/v2\/media?parent=14061"}],"wp:term":[{"taxonomy":"product_brand","embeddable":true,"href":"https:\/\/www.loriondet.it\/fr\/wp-json\/wp\/v2\/product_brand?post=14061"},{"taxonomy":"product_cat","embeddable":true,"href":"https:\/\/www.loriondet.it\/fr\/wp-json\/wp\/v2\/product_cat?post=14061"},{"taxonomy":"product_tag","embeddable":true,"href":"https:\/\/www.loriondet.it\/fr\/wp-json\/wp\/v2\/product_tag?post=14061"}],"curies":[{"name":"wp","href":"https:\/\/api.w.org\/{rel}","templated":true}]}}