{"id":14431,"date":"2024-12-09T17:24:05","date_gmt":"2024-12-09T16:24:05","guid":{"rendered":"https:\/\/www.loriondet.it\/prodotto\/oreillage-chaud-oreiller-chauffant\/"},"modified":"2024-12-09T17:24:05","modified_gmt":"2024-12-09T16:24:05","slug":"oreillage-chaud-oreiller-chauffant","status":"publish","type":"product","link":"https:\/\/www.loriondet.it\/fr\/prodotto\/oreillage-chaud-oreiller-chauffant\/","title":{"rendered":"OREILLAGE CHAUD &#8211; Oreiller chauffant"},"content":{"rendered":"<p>Qu&rsquo;est-ce que c&rsquo;est ? Son pr\u00e9cieux m\u00e9lange de bl\u00e9 dur cultiv\u00e9 biologiquement et de fleurs de lavande procure \u00e0 votre corps et \u00e0 votre esprit la sensation de d\u00e9tente que vous recherchez apr\u00e8s une longue et dure journ\u00e9e. Une aide pr\u00e9cieuse pour soulager la tension du cou et un ami naturel de la digestion. Qu&rsquo;est-ce qu&rsquo;il contient ?<\/p>\n<p>Fleurs de lavande 10 % Grains de bl\u00e9 dur 90 % Culture biologique Tissu 100 % coton Comment l&rsquo;utiliser ? R\u00e9chauffez votre produit au micro-ondes pendant 2 minutes \u00e0 700 W ou au four \u00e0 100 \u00b0C pendant 10 minutes, ou posez-le \u00e0 plat sur un radiateur.<\/p>\n","protected":false},"excerpt":{"rendered":"<p>Qu&rsquo;est-ce que c&rsquo;est ? Son pr\u00e9cieux m\u00e9lange de bl\u00e9 dur cultiv\u00e9 biologiquement et de fleurs de lavande procure \u00e0 votre corps et \u00e0 votre esprit la sensation de d\u00e9tente que vous recherchez apr\u00e8s une longue et dure journ\u00e9e. Une aide pr\u00e9cieuse pour soulager la tension du cou et un ami naturel de la digestion. Qu&rsquo;est-ce qu&rsquo;il contient ?<\/p>\n<p>Fleurs de lavande 10 % Grains de bl\u00e9 dur 90 % Culture biologique Tissu 100 % coton Comment l&rsquo;utiliser ? R\u00e9chauffez votre produit au micro-ondes pendant 2 minutes \u00e0 700 W ou au four \u00e0 100 \u00b0C pendant 10 minutes, ou posez-le \u00e0 plat sur un radiateur.<\/p>\n","protected":false},"featured_media":14412,"template":"","meta":[],"product_brand":[],"product_cat":[201],"product_tag":[],"class_list":{"0":"post-14431","1":"product","2":"type-product","3":"status-publish","4":"has-post-thumbnail","6":"product_cat-sante-et-bien-etre","8":"first","9":"instock","10":"shipping-taxable","11":"purchasable","12":"product-type-variable"},"_links":{"self":[{"href":"https:\/\/www.loriondet.it\/fr\/wp-json\/wp\/v2\/product\/14431","targetHints":{"allow":["GET"]}}],"collection":[{"href":"https:\/\/www.loriondet.it\/fr\/wp-json\/wp\/v2\/product"}],"about":[{"href":"https:\/\/www.loriondet.it\/fr\/wp-json\/wp\/v2\/types\/product"}],"wp:featuredmedia":[{"embeddable":true,"href":"https:\/\/www.loriondet.it\/fr\/wp-json\/wp\/v2\/media\/14412"}],"wp:attachment":[{"href":"https:\/\/www.loriondet.it\/fr\/wp-json\/wp\/v2\/media?parent=14431"}],"wp:term":[{"taxonomy":"product_brand","embeddable":true,"href":"https:\/\/www.loriondet.it\/fr\/wp-json\/wp\/v2\/product_brand?post=14431"},{"taxonomy":"product_cat","embeddable":true,"href":"https:\/\/www.loriondet.it\/fr\/wp-json\/wp\/v2\/product_cat?post=14431"},{"taxonomy":"product_tag","embeddable":true,"href":"https:\/\/www.loriondet.it\/fr\/wp-json\/wp\/v2\/product_tag?post=14431"}],"curies":[{"name":"wp","href":"https:\/\/api.w.org\/{rel}","templated":true}]}}