{"id":15008,"date":"2025-08-26T14:49:49","date_gmt":"2025-08-26T12:49:49","guid":{"rendered":"https:\/\/www.loriondet.it\/prodotto\/bougie-de-montagne\/"},"modified":"2025-08-26T14:49:49","modified_gmt":"2025-08-26T12:49:49","slug":"bougie-de-montagne","status":"publish","type":"product","link":"https:\/\/www.loriondet.it\/fr\/prodotto\/bougie-de-montagne\/","title":{"rendered":"Bougie de Montagne"},"content":{"rendered":"<p><strong>Bougie d&rsquo;allumage de 350 grammes avec une dur\u00e9e de combustion d&rsquo;environ 60 heures<\/strong><\/p>\n<div><\/div>\n<div id=\"isPasted\">Bougie en cire de soja 100% naturelle, avec une double m\u00e8che en coton.<\/div>\n<div>Notes de t\u00eate : Poivre noir et \u00e9corce de citron.<\/div>\n<div>Notes de c\u0153ur : Jasmin et Cannelle.<\/div>\n<div>Notes de fond : Ambre, bois de Guaico, bois pr\u00e9cieux et bois de c\u00e8dre.<\/div>\n<div>\n<span id=\"isPasted\">Le poivre noir et l&rsquo;\u00e9corce de citron se m\u00ealent \u00e0 de subtiles touches de cannelle, tandis que l&rsquo;ambre et les bois pr\u00e9cieux apportent de la profondeur.<\/span>  Un monde aromatique de fragrances capable de nous projeter dans un chalet de montagne.<\/div>\n","protected":false},"excerpt":{"rendered":"<p><strong>Bougie d&rsquo;allumage de 350 grammes avec une dur\u00e9e de combustion d&rsquo;environ 60 heures<\/strong><\/p>\n<div><\/div>\n<div id=\"isPasted\">Bougie en cire de soja 100% naturelle, avec une double m\u00e8che en coton.<\/div>\n<div>Notes de t\u00eate : Poivre noir et \u00e9corce de citron.<\/div>\n<div>Notes de c\u0153ur : Jasmin et Cannelle.<\/div>\n<div>Notes de fond : Ambre, bois de Guaico, bois pr\u00e9cieux et bois de c\u00e8dre.<\/div>\n<div>\n<span id=\"isPasted\">Le poivre noir et l&rsquo;\u00e9corce de citron se m\u00ealent \u00e0 de subtiles touches de cannelle, tandis que l&rsquo;ambre et les bois pr\u00e9cieux apportent de la profondeur.<\/span>  Un monde aromatique de fragrances capable de nous projeter dans un chalet de montagne.<\/div>\n","protected":false},"featured_media":14742,"template":"","meta":[],"product_brand":[],"product_cat":[201],"product_tag":[],"class_list":{"0":"post-15008","1":"product","2":"type-product","3":"status-publish","4":"has-post-thumbnail","6":"product_cat-sante-et-bien-etre","8":"first","9":"instock","10":"shipping-taxable","11":"purchasable","12":"product-type-simple"},"_links":{"self":[{"href":"https:\/\/www.loriondet.it\/fr\/wp-json\/wp\/v2\/product\/15008","targetHints":{"allow":["GET"]}}],"collection":[{"href":"https:\/\/www.loriondet.it\/fr\/wp-json\/wp\/v2\/product"}],"about":[{"href":"https:\/\/www.loriondet.it\/fr\/wp-json\/wp\/v2\/types\/product"}],"wp:featuredmedia":[{"embeddable":true,"href":"https:\/\/www.loriondet.it\/fr\/wp-json\/wp\/v2\/media\/14742"}],"wp:attachment":[{"href":"https:\/\/www.loriondet.it\/fr\/wp-json\/wp\/v2\/media?parent=15008"}],"wp:term":[{"taxonomy":"product_brand","embeddable":true,"href":"https:\/\/www.loriondet.it\/fr\/wp-json\/wp\/v2\/product_brand?post=15008"},{"taxonomy":"product_cat","embeddable":true,"href":"https:\/\/www.loriondet.it\/fr\/wp-json\/wp\/v2\/product_cat?post=15008"},{"taxonomy":"product_tag","embeddable":true,"href":"https:\/\/www.loriondet.it\/fr\/wp-json\/wp\/v2\/product_tag?post=15008"}],"curies":[{"name":"wp","href":"https:\/\/api.w.org\/{rel}","templated":true}]}}