{"id":15012,"date":"2024-09-19T15:46:50","date_gmt":"2024-09-19T13:46:50","guid":{"rendered":"https:\/\/www.loriondet.it\/prodotto\/balsamique-des-alpes-50-ml\/"},"modified":"2024-09-19T15:46:50","modified_gmt":"2024-09-19T13:46:50","slug":"balsamique-des-alpes-50-ml","status":"publish","type":"product","link":"https:\/\/www.loriondet.it\/fr\/prodotto\/balsamique-des-alpes-50-ml\/","title":{"rendered":"Balsamique des Alpes 50 ml"},"content":{"rendered":"<p>Cette pommade maison, enti\u00e8rement compos\u00e9e d&rsquo;\u00e9l\u00e9ments naturels, peut \u00eatre appliqu\u00e9e sur la poitrine et sous les narines pour soulager la respiration. Elle aide \u00e9galement \u00e0 d\u00e9gager les voies respiratoires encombr\u00e9es. <\/p>\n","protected":false},"excerpt":{"rendered":"<p><strong>Composition\/caract\u00e9ristiques<\/strong><br \/>\nHuiles essentielles de thym, huiles essentielles de pin, huiles essentielles d&rsquo;eucalyptus, huiles essentielles de romarin.<\/p>\n<p><strong>Marque<\/strong><br \/>\nAlpine Cosmetics.<\/p>\n<p><strong>Type de produit<\/strong><br \/>\nCosm\u00e9tique.<\/p>\n","protected":false},"featured_media":14452,"template":"","meta":[],"product_brand":[],"product_cat":[134],"product_tag":[],"class_list":{"0":"post-15012","1":"product","2":"type-product","3":"status-publish","4":"has-post-thumbnail","6":"product_cat-uncategorized-fr","8":"first","9":"instock","10":"purchasable","11":"product-type-simple"},"_links":{"self":[{"href":"https:\/\/www.loriondet.it\/fr\/wp-json\/wp\/v2\/product\/15012","targetHints":{"allow":["GET"]}}],"collection":[{"href":"https:\/\/www.loriondet.it\/fr\/wp-json\/wp\/v2\/product"}],"about":[{"href":"https:\/\/www.loriondet.it\/fr\/wp-json\/wp\/v2\/types\/product"}],"wp:featuredmedia":[{"embeddable":true,"href":"https:\/\/www.loriondet.it\/fr\/wp-json\/wp\/v2\/media\/14452"}],"wp:attachment":[{"href":"https:\/\/www.loriondet.it\/fr\/wp-json\/wp\/v2\/media?parent=15012"}],"wp:term":[{"taxonomy":"product_brand","embeddable":true,"href":"https:\/\/www.loriondet.it\/fr\/wp-json\/wp\/v2\/product_brand?post=15012"},{"taxonomy":"product_cat","embeddable":true,"href":"https:\/\/www.loriondet.it\/fr\/wp-json\/wp\/v2\/product_cat?post=15012"},{"taxonomy":"product_tag","embeddable":true,"href":"https:\/\/www.loriondet.it\/fr\/wp-json\/wp\/v2\/product_tag?post=15012"}],"curies":[{"name":"wp","href":"https:\/\/api.w.org\/{rel}","templated":true}]}}