{"id":15027,"date":"2025-12-17T12:23:17","date_gmt":"2025-12-17T11:23:17","guid":{"rendered":"https:\/\/www.loriondet.it\/?post_type=product&#038;p=15027"},"modified":"2025-12-17T12:30:50","modified_gmt":"2025-12-17T11:30:50","slug":"riondet-sweet-trudi-cerf-avec-porte-cles-9-cm-copia","status":"publish","type":"product","link":"https:\/\/www.loriondet.it\/fr\/prodotto\/riondet-sweet-trudi-cerf-avec-porte-cles-9-cm-copia\/","title":{"rendered":"Riondet taille du cerf Trudino 15 cm"},"content":{"rendered":"<p>D\u00e9couvrez la magie de Trudi, o\u00f9 les peluches intemporelles deviennent de pr\u00e9cieux compagnons !<br \/>\nDes boules de poils douces, extr\u00eamement douces au toucher. Les peluches Trudi ne font pas de distinction d&rsquo;\u00e2ge et sont impatientes de vous prendre dans leurs bras et de vous inonder de c\u00e2lins !<br \/>\nMAT\u00c9RIAU &#8211; Polyester ignifug\u00e9<\/p>\n","protected":false},"excerpt":{"rendered":"<p>D\u00e9couvrez la magie de Trudi, o\u00f9 les peluches intemporelles deviennent de pr\u00e9cieux compagnons !<br \/>\nDes boules de poils douces, extr\u00eamement douces au toucher. Les peluches Trudi ne font pas de distinction d&rsquo;\u00e2ge et sont impatientes de vous prendre dans leurs bras et de vous inonder de c\u00e2lins !<br \/>\nMAT\u00c9RIAU &#8211; Polyester ignifug\u00e9<\/p>\n","protected":false},"featured_media":15033,"template":"","meta":[],"product_brand":[],"product_cat":[238],"product_tag":[],"class_list":{"0":"post-15027","1":"product","2":"type-product","3":"status-publish","4":"has-post-thumbnail","6":"product_cat-cadeaux","8":"first","9":"instock","10":"shipping-taxable","11":"purchasable","12":"product-type-simple"},"_links":{"self":[{"href":"https:\/\/www.loriondet.it\/fr\/wp-json\/wp\/v2\/product\/15027","targetHints":{"allow":["GET"]}}],"collection":[{"href":"https:\/\/www.loriondet.it\/fr\/wp-json\/wp\/v2\/product"}],"about":[{"href":"https:\/\/www.loriondet.it\/fr\/wp-json\/wp\/v2\/types\/product"}],"wp:featuredmedia":[{"embeddable":true,"href":"https:\/\/www.loriondet.it\/fr\/wp-json\/wp\/v2\/media\/15033"}],"wp:attachment":[{"href":"https:\/\/www.loriondet.it\/fr\/wp-json\/wp\/v2\/media?parent=15027"}],"wp:term":[{"taxonomy":"product_brand","embeddable":true,"href":"https:\/\/www.loriondet.it\/fr\/wp-json\/wp\/v2\/product_brand?post=15027"},{"taxonomy":"product_cat","embeddable":true,"href":"https:\/\/www.loriondet.it\/fr\/wp-json\/wp\/v2\/product_cat?post=15027"},{"taxonomy":"product_tag","embeddable":true,"href":"https:\/\/www.loriondet.it\/fr\/wp-json\/wp\/v2\/product_tag?post=15027"}],"curies":[{"name":"wp","href":"https:\/\/api.w.org\/{rel}","templated":true}]}}