{"id":15040,"date":"2025-12-17T12:42:27","date_gmt":"2025-12-17T11:42:27","guid":{"rendered":"https:\/\/www.loriondet.it\/?post_type=product&#038;p=15040"},"modified":"2025-12-17T12:45:35","modified_gmt":"2025-12-17T11:45:35","slug":"riondet-taille-du-cerf-trudino-15-cm-copia","status":"publish","type":"product","link":"https:\/\/www.loriondet.it\/fr\/prodotto\/riondet-taille-du-cerf-trudino-15-cm-copia\/","title":{"rendered":"Livre Federica Brignone et Maria Rosa Quario"},"content":{"rendered":"<p>Ninna Quario a toujours aim\u00e9 le ski et ses parents l&rsquo;ont initi\u00e9e \u00e0 l&rsquo;\u00e2ge de trois ans. Sa fille Federica Brignone a \u00e9t\u00e9 encore plus pr\u00e9coce, elle a fait ses premiers virages avant sa naissance et pour elle aussi ce fut le coup de foudre. \u00c0 un an et demi, elle tapait la neige sur deux planches en plastique et depuis, elle n&rsquo;a jamais cess\u00e9 de s&rsquo;amuser, d&rsquo;inventer des virages de plus en plus rapides et de remercier chaque jour ceux qui l&rsquo;ont aid\u00e9e et l&rsquo;aident encore \u00e0 cultiver sa passion et ses r\u00eaves sur les pistes du monde entier. Two Lives est le reflet de cette passion, de cet amour du ski et du sport en g\u00e9n\u00e9ral. C&rsquo;est un hymne \u00e0 la vie et, dans une soci\u00e9t\u00e9 domin\u00e9e par les mauvaises nouvelles, il veut transmettre un message positif en racontant des histoires pleines d&rsquo;enthousiasme, de dynamisme et d&rsquo;\u00e9nergie. C&rsquo;est aussi l&rsquo;histoire de l&rsquo;incroyable \u00e9volution de la soci\u00e9t\u00e9 au cours des soixante derni\u00e8res ann\u00e9es, rappelant l&rsquo;\u00e9poque o\u00f9 communiquer \u00e9tait une t\u00e2che parfois d\u00e9sesp\u00e9r\u00e9e et o\u00f9 le moyen le plus rapide d&rsquo;envoyer un message \u00e9tait de dicter un t\u00e9l\u00e9gramme, en essayant de synth\u00e9tiser, car chaque mot co\u00fbtait cher. Two Lives veut aussi \u00eatre la preuve que l&rsquo;on peut devenir un champion, un champion ou un tr\u00e8s grand champion sans vivre le sport avec exasp\u00e9ration et planification maniaque, mais avec d\u00e9termination, s\u00e9rieux et r\u00eave de poursuivre un slalom apr\u00e8s l&rsquo;autre.      <\/p>\n","protected":false},"excerpt":{"rendered":"<p>Ninna Quario ha sempre amato lo sci e i suoi genitori che glielo hanno fatto scoprire quando aveva tre anni. Sua figlia Federica Brignone \u00e8 stata ancora pi\u00f9 precoce, le prime curve le ha fatte gi\u00e0 prima di nascere e anche per lei \u00e8 stato subito amore. A un anno e mezzo zampettava sulla neve su due assi di plastica e da allora non ha mai smesso di divertirsi inventando curve sempre pi\u00f9 veloci e ringraziando ogni giorno chi l\u2019ha aiutata e ancora l\u2019aiuta a coltivare la sua passione e i suoi sogni sulle piste di tutto il mondo. Due vite \u00e8 il riflesso di questa passione, di questo amore per lo sci e per lo sport in generale. \u00c8 un inno alla vita e, in una societ\u00e0 dominata dalle cattive notizie, vuole trasmettere un messaggio positivo raccontando storie piene di entusiasmo, dinamismo ed energia. \u00c8 anche il racconto dell\u2019incredibile evoluzione della societ\u00e0 negli ultimi sessant\u2019anni, ricordando i tempi in cui comunicare era un\u2019impresa a volte disperata e il modo pi\u00f9 rapido per inviare un messaggio era dettare un telegramma, cercando di sintetizzare, perch\u00e9 ogni parola costava cara. Due vite vuole anche essere la prova che si pu\u00f2 diventare campioncini, campioni o campionissimi senza vivere lo sport con esasperazione e programmazione maniacale, ma con determinazione, seriet\u00e0 e sogni da rincorrere uno slalom dopo l\u2019altro.      <\/p>\n","protected":false},"featured_media":15043,"template":"","meta":[],"product_brand":[],"product_cat":[238],"product_tag":[],"class_list":{"0":"post-15040","1":"product","2":"type-product","3":"status-publish","4":"has-post-thumbnail","6":"product_cat-cadeaux","8":"first","9":"instock","10":"shipping-taxable","11":"purchasable","12":"product-type-simple"},"_links":{"self":[{"href":"https:\/\/www.loriondet.it\/fr\/wp-json\/wp\/v2\/product\/15040","targetHints":{"allow":["GET"]}}],"collection":[{"href":"https:\/\/www.loriondet.it\/fr\/wp-json\/wp\/v2\/product"}],"about":[{"href":"https:\/\/www.loriondet.it\/fr\/wp-json\/wp\/v2\/types\/product"}],"wp:featuredmedia":[{"embeddable":true,"href":"https:\/\/www.loriondet.it\/fr\/wp-json\/wp\/v2\/media\/15043"}],"wp:attachment":[{"href":"https:\/\/www.loriondet.it\/fr\/wp-json\/wp\/v2\/media?parent=15040"}],"wp:term":[{"taxonomy":"product_brand","embeddable":true,"href":"https:\/\/www.loriondet.it\/fr\/wp-json\/wp\/v2\/product_brand?post=15040"},{"taxonomy":"product_cat","embeddable":true,"href":"https:\/\/www.loriondet.it\/fr\/wp-json\/wp\/v2\/product_cat?post=15040"},{"taxonomy":"product_tag","embeddable":true,"href":"https:\/\/www.loriondet.it\/fr\/wp-json\/wp\/v2\/product_tag?post=15040"}],"curies":[{"name":"wp","href":"https:\/\/api.w.org\/{rel}","templated":true}]}}